{"id":3744,"date":"2023-03-01T13:17:00","date_gmt":"2023-03-01T19:17:00","guid":{"rendered":"https:\/\/alimentacionunani.com\/?page_id=3744"},"modified":"2023-03-01T13:25:50","modified_gmt":"2023-03-01T19:25:50","slug":"gracias-descarga-10-recetas-unani","status":"publish","type":"page","link":"https:\/\/alimentacionunani.com\/index.php\/gracias-descarga-10-recetas-unani\/","title":{"rendered":"gracias descarga 10 recetas unani"},"content":{"rendered":"\n\n\n\n<h2>\u00a1Gracias!<\/h2><div><br><\/div>\n\n\n\n\n\n<h2>Tu <u>Recetario Gratuito<\/u> <i>&#8220;10 Recetas Unani&#8221;&nbsp;<\/i><\/h2><h2><i>Va En Camino a Tu Correo!<\/i><\/h2>\n\n<p style=\"text-align: center;\"><span style=\"color: rgb(0, 0, 0); font-size: 18px;\">Por favor, <strong>permite unos momentos<\/strong> para que llegue a tu bandeja de correo, <strong><em>y no olvides revisar tu casilla de Spam! y tu casilla de Promociones!<\/em><\/strong><\/span><\/p><br>\n\n\n\n\n\n\n<h2><br><\/h2><h2>Mientras esperas \u00bfte gustar\u00eda obtener el nuevo Libro de Cocina Unani creado exclusivamente para los seguidores del Sistema de Alimentaci\u00f3n Unani?<\/h2><h2>&nbsp;<br><\/h2>\n\n\n\n\n\n\n\n\n\n<h2>Adquiere esta gu\u00eda de la alimentaci\u00f3n unani dise\u00f1ada \u00fanicamente para aquellos que llevan el Sistema Unani.<\/h2><h2><br><\/h2><h2>Tendr\u00e1s una gu\u00eda detallada con m\u00e1s de 230 recetas para cocinar d\u00eda a d\u00eda. Ideas, combinaciones platillo-bebida, todo 100% unani.&nbsp;<\/h2><h2><br><\/h2><h2>Es el apoyo que necesitas para seguir tu camino unani y hacer tu alimentaci\u00f3n variada, creativa y deliciosa!<\/h2>\n\n\n\n\n","protected":false},"excerpt":{"rendered":"","protected":false},"author":1,"featured_media":0,"parent":0,"menu_order":0,"comment_status":"closed","ping_status":"closed","template":"","meta":{"footnotes":""},"class_list":["post-3744","page","type-page","status-publish","hentry"],"_links":{"self":[{"href":"https:\/\/alimentacionunani.com\/index.php\/wp-json\/wp\/v2\/pages\/3744","targetHints":{"allow":["GET"]}}],"collection":[{"href":"https:\/\/alimentacionunani.com\/index.php\/wp-json\/wp\/v2\/pages"}],"about":[{"href":"https:\/\/alimentacionunani.com\/index.php\/wp-json\/wp\/v2\/types\/page"}],"author":[{"embeddable":true,"href":"https:\/\/alimentacionunani.com\/index.php\/wp-json\/wp\/v2\/users\/1"}],"replies":[{"embeddable":true,"href":"https:\/\/alimentacionunani.com\/index.php\/wp-json\/wp\/v2\/comments?post=3744"}],"version-history":[{"count":3,"href":"https:\/\/alimentacionunani.com\/index.php\/wp-json\/wp\/v2\/pages\/3744\/revisions"}],"predecessor-version":[{"id":3747,"href":"https:\/\/alimentacionunani.com\/index.php\/wp-json\/wp\/v2\/pages\/3744\/revisions\/3747"}],"wp:attachment":[{"href":"https:\/\/alimentacionunani.com\/index.php\/wp-json\/wp\/v2\/media?parent=3744"}],"curies":[{"name":"wp","href":"https:\/\/api.w.org\/{rel}","templated":true}]}}