{"id":3638,"date":"2023-02-08T22:25:43","date_gmt":"2023-02-09T04:25:43","guid":{"rendered":"https:\/\/alimentacionunani.com\/?page_id=3638"},"modified":"2026-05-08T14:24:30","modified_gmt":"2026-05-08T20:24:30","slug":"libro-de-cocina-unani-3","status":"publish","type":"page","link":"https:\/\/alimentacionunani.com\/index.php\/libro-de-cocina-unani-3\/","title":{"rendered":"Libro de Cocina Unani"},"content":{"rendered":"\n\n\n\n<b>COCINA F\u00c1CIL, VARIADO Y DELICIOSO TODOS LOS D\u00cdAS SIGUIENDO CORRECTAMENTE LA ALIMENTACI\u00d3N UNANI<\/b><div><h3>M\u00e1s de 230 recetas y combinaciones listas para ayudarte a comer unani sin complicarte que cocinar cada d\u00eda<br><\/h3><\/div>\n\n<p><br><\/p><p><br><\/p>\n\n\n\n\n\n\n\n<h5>ES LA GU\u00cdA QUE NECESITAS PARA NO FALLAR NI UN SOLO D\u00cdA EN SEGUIR EL SISTEMA UNANI<\/h5>\n\n<p>235 recetas totalmente unani, listas para cocinar y alimentarte unani, ya mismo<\/p>\n<p>Ahorrar\u00e1s tiempo en buscar recetas que si sean unani<\/p>\n<p>Seguridad y certeza de que todo es 100% unani<\/p>\n<p>Comer\u00e1s unani, variado, delicioso, divertido y muy f\u00e1cil cada d\u00eda<\/p>\n<p>Es el apoyo que necesitas para tener \u00e9xito completo en ser unani<\/p>\n\n\n\n\n\n<h2><br><\/h2><h2>EL M\u00c1S EXTENSO Y COMPLETO RECETARIO DIGITAL 100% Y TOTALMENTE UNANI QUE HAY HASTA EL MOMENTO<\/h2><h2>&nbsp;<\/h2>\n<h2><br><\/h2><h2>NO TE PIERDAS ESTA OPORTUNIDAD, CON EL LIBRO DE COCINA UNANI, SIENTETE APOYADO Y GUIADO EN TU ALIMENTACI\u00d3N UNANI&nbsp;<\/h2>\n\n<h4>Cocina cada d\u00eda platillos deliciosos y 100% unani con este Libro de Cocina.&nbsp;<\/h4><div><br><\/div>\n<h3>Incluye todo lo que necesitas para comer unani: recetas de prote\u00ednas, guarniciones y acompa\u00f1amientos, salsas, vinagretas y m\u00e1s. Y tambi\u00e9n recetas de bebidas unani.<\/h3><div><br><\/div>\n\n<p><br><\/p><p><br><\/p>\n<h2><br><\/h2><h2>RESE\u00d1AS DE NUESTROS CLIENTES:<\/h2><div><br><\/div>\n\n<p class=\"MsoNormal\"><span style=\"font-size: 20px; color: rgb(255, 255, 255);\">\u201cLas recetas est\u00e1n excelentes. La presentaci\u00f3n es de calidad.\nBuscaba recetas y tardaba mucho tiempo para encontrarlas, tiempo que me ahorr\u00e9\ncon este recetario. Estoy muy contenta de haber comprado este recetario, para\nla salud de mi familia que es muy importante\u201d<\/span><o:p><\/o:p><\/p>\n<p class=\"MsoNormal\"><span style=\"font-size: 20px; color: rgb(255, 255, 255);\">\u201cEl Libro de Cocina me ha sido de gran utilidad, lo\nrecomiendo a todos aquellos que seguimos el Sistema Unani en cualquier parte\ndel mundo\u201d<\/span><o:p><\/o:p><\/p>\n<p class=\"MsoNormal\"><span style=\"font-size: 20px; color: rgb(255, 255, 255);\">\u201cEste recetario es un gran apoyo para seguir una alimentaci\u00f3n\nunani. Fue una gran inversi\u00f3n para mi salud\u201d<\/span><o:p><\/o:p><\/p>\n<p class=\"MsoNormal\"><span style=\"font-size: 20px; color: rgb(255, 255, 255);\">\u201cDe verdad se puede cocinar de una forma sencilla, en poco\ntiempo y las recetas son muy variadas, con este recetario me est\u00e1 siendo m\u00e1s\nf\u00e1cil seguir el Sistema Unani\u201d<\/span><o:p><\/o:p><\/p>\n<p><span style=\"font-size: 21px; line-height: 107%; font-family: Calibri, sans-serif; color: rgb(255, 255, 255);\">\u201cEsta\ngu\u00eda me ha servido para cocinar y tener la seguridad de que lo que como si es\nunani. La gu\u00eda de bebidas tambi\u00e9n me ha parecido excelente\u201d<\/span><\/p>\n\n<p><br><\/p><p><br><\/p>\n<h2>\u00bfQUE CONTIENE EL LIBRO DE COCINA UNANI?&nbsp;<\/h2>\n\n\n\n\n<p><br><\/p><p><br><\/p>\n\n\n\n<h2>Incluye lo siguiente:<\/h2>\n\n<p>138 recetas de prote\u00ednas y carnes, incluye recetas con res, huevo, ternera, barbacoa, cordero, cabrito, conejo, venado, pavo, pollo, pescado y at\u00fan.<\/p>\n<p>44 recetas de guarniciones y acompa\u00f1amientos para las prote\u00ednas, incluyendo recetas con frijoles, lentejas, verduras y guacamoles.<\/p>\n<p>10 recetas de sopas<\/p>\n<p>18 recetas de salsas y chiles, incluye salsas picantes y no picantes.<\/p>\n<p>7 recetas de aderezos, 9 recetas de vinagretas, 5 recetas de adobos y 5 recetas de marinados.<\/p>\n<p>Recomendaci\u00f3n de bebida unani para cada platillo. Y recomendaci\u00f3n de con que guarnici\u00f3n acompa\u00f1ar tu prote\u00edna.&nbsp;&nbsp;<\/p>\n\n\n\n\n\n<p>Adem\u00e1s el Libro de Cocina incluye \u00edndice din\u00e1mico, das clic en el nombre de cualquier receta y enseguida te llevar\u00e1 a la receta exacta. No perder\u00e1s tiempo. Tambi\u00e9n viene un \u00edndice de platillos con ingredientes crudos y cocidos, para que elijas el platillo seg\u00fan la recomendaci\u00f3n unani. Toda la informaci\u00f3n que necesitas en cada receta.&nbsp;<\/p>\n\n\n\n\n<h2>Sabr\u00e1s que prote\u00edna cocinar, con que guarnici\u00f3n acompa\u00f1ar y con que bebida combinar y todo totalmente unani<\/h2><div><br><\/div>\n\n\n\n\n<h2>Tambi\u00e9n se incluyen los siguientes BONUS de Regalo!:<\/h2><div><br><\/div>\n<h2>BONUS 1: Gu\u00eda de Bebidas Unani<\/h2>\n\n\n\n\n\n\n\n<p><br><\/p><p><br><\/p>\n\n<p>Incluye todas las recetas para que puedas prepararlas tu mismo<\/p>\n<p>Sabr\u00e1s cu\u00e1les son las bebidas unani que puedes incluir en tu alimentaci\u00f3n<\/p>\n<p>Conocer\u00e1s los beneficios para tu salud que cada bebida te aporta<\/p>\n<p>Sabr\u00e1s en que momento y cu\u00e1l es la forma \u00f3ptima de tomarlas<\/p>\n\n\n\n\n\n<h2>Sabr\u00e1s que bebidas puedes tomar en tu alimentaci\u00f3n unani, como tomarlas y prepararlas<\/h2>\n<h2><br><\/h2><h2>BONUS 2: Plan de 30 d\u00edas, para comer todo un mes unani!<\/h2>\n\n\n\n\n\n\n\n<p><br><\/p><p><br><\/p>\n\n<p>Te indica que desayunos y comidas preparar de tu Libro de Cocina, cada d\u00eda, por 30 d\u00edas. Tendr\u00e1s la programaci\u00f3n lista para comer unani durante todo un mes! Todo ya planeado para ti.<\/p>\n<p>Te olvidar\u00e1s de decidir que comer cada d\u00eda, solo revisa las recetas sugeridas para ese d\u00eda y prepara los platillos f\u00e1cil y r\u00e1pido.&nbsp;<\/p>\n<p>Lograr\u00e1s sin esfuerzo comer completamente unani todo un mes!&nbsp;<\/p>\n<p>*Se basa en la recomendaci\u00f3n unani de dos comidas por d\u00eda: desayuno y comida.<\/p>\n\n\n\n\n\n<h2>Sabr\u00e1s exactamente que desayuno y comida preparar cada d\u00eda, durante 30 d\u00edas seguidos, para que logres sin esfuerzo comer completamente unani todo un mes&nbsp;<\/h2><div><br><\/div>\n<h2>BONUS 3: Planeador de Comidas Semanal&nbsp;&nbsp;<\/h2>\n\n\n\n\n<p><br><\/p><p><br><\/p>\n\n\n\n<p><br><\/p><p><br><\/p><p><br><\/p>\n\n<p>Te permitir\u00e1 planear y organizar tus comidas unani para cada semana<\/p>\n<p>Podr\u00e1s hacer tu selecci\u00f3n de platillos del Libro de Cocina Unani y anotarlos aqu\u00ed, para saber que comer cada d\u00eda de la semana.<\/p>\n<p>Aqu\u00ed mismo tienes una lista de compras, para que anotes todo lo que necesitas y sea m\u00e1s f\u00e1cil comprar tus ingredientes y alimentos, pues ya tendr\u00e1s todo organizado<\/p>\n\n\n\n\n\n<h2>Estar\u00e1s organizado y comer\u00e1s toda la semana y en todo momento 100% unani<\/h2>\n\n\n\n\n<p><br><\/p><p><br><\/p>\n\n\n\n\n<h5><b>ESTO ES TODO LO QUE TE LLEVAS CON TU LIBRO DE COCINA UNANI:<\/b><\/h5><div><b><br><\/b><\/div>\n\n\n\n\n\n<span style=\"font-size: 20px;\"><\/span><p><a name=\"_Hlk117540653\"><span style=\"font-size:11.0pt;\nline-height:107%;font-family:&quot;Segoe UI Emoji&quot;,sans-serif;mso-fareast-font-family:\nCalibri;mso-fareast-theme-font:minor-latin;mso-bidi-font-family:&quot;Segoe UI Emoji&quot;;\nmso-ansi-language:ES-MX;mso-fareast-language:EN-US;mso-bidi-language:AR-SA\"><br><\/span><\/a><\/p><p><a name=\"_Hlk117540653\"><span style=\"font-size:11.0pt;\nline-height:107%;font-family:&quot;Segoe UI Emoji&quot;,sans-serif;mso-fareast-font-family:\nCalibri;mso-fareast-theme-font:minor-latin;mso-bidi-font-family:&quot;Segoe UI Emoji&quot;;\nmso-ansi-language:ES-MX;mso-fareast-language:EN-US;mso-bidi-language:AR-SA\"><img decoding=\"async\" draggable=\"true\" role=\"img\" class=\"emoji\" alt=\"\u2705\" src=\"https:\/\/s.w.org\/images\/core\/emoji\/14.0.0\/svg\/2705.svg\">&nbsp;<\/span><\/a><span style=\"font-size: 20px;\"><font color=\"#35085a\"><strong>LIBRO DE COCINA UNANI (RECETARIO DIGITAL)<\/strong><\/font>. <span style=\"color: rgb(0, 0, 0);\">M\u00e1s de 230 recetas para cocinar f\u00e1cil&nbsp;&nbsp;<\/span><\/span><span style=\"font-size: 20px; color: rgb(0, 0, 0);\">y&nbsp;&nbsp;<\/span><\/p><p><span style=\"font-size: 20px; color: rgb(0, 0, 0);\">r\u00e1pido y as\u00ed comer 100% unani y delicioso cada d\u00eda.&nbsp; Con valor de<\/span><span style=\"font-size: 20px;\">&nbsp;<\/span><font color=\"#ff1414\" style=\"font-size: 20px;\">$939 MXN<\/font><\/p><p><span style=\"font-size: 20px;\"><font color=\"#ff1414\"><br><\/font><\/span><\/p><span style=\"font-size: 20px;\"><font color=\"#ff1414\"><br><\/font><\/span><p><a name=\"_Hlk117540653\" style=\"font-size: 12px;\"><span style=\"font-size:11.0pt;\nline-height:107%;font-family:&quot;Segoe UI Emoji&quot;,sans-serif;mso-fareast-font-family:\nCalibri;mso-fareast-theme-font:minor-latin;mso-bidi-font-family:&quot;Segoe UI Emoji&quot;;\nmso-ansi-language:ES-MX;mso-fareast-language:EN-US;mso-bidi-language:AR-SA\"><img decoding=\"async\" draggable=\"true\" role=\"img\" class=\"emoji\" alt=\"\u2705\" src=\"https:\/\/s.w.org\/images\/core\/emoji\/14.0.0\/svg\/2705.svg\">&nbsp;<\/span><\/a><span style=\"font-size: 20px; background-color: transparent;\"><strong><font color=\"#35085a\">GUIA DE BEBIDAS UNANI.<\/font><\/strong> <span style=\"color: rgb(0, 0, 0);\">Te gu\u00eda para preparar las mejores bebidas unani y te orienta&nbsp;<\/span><\/span><\/p><p><span style=\"font-size: 20px; background-color: transparent;\"><span style=\"color: rgb(0, 0, 0);\">sobre como tomarlas y cuando tomarlas para hacerlo de la forma unani correcta. Con valor&nbsp;<\/span><\/span><\/p><p><span style=\"font-size: 20px; background-color: transparent;\"><span style=\"color: rgb(0, 0, 0);\">de<\/span> <font color=\"#ff1414\">$379 MXN<\/font><\/span><\/p><p><span style=\"font-size: 20px; background-color: transparent;\"><font color=\"#ff1414\"><br><\/font><\/span><\/p><span style=\"font-size: 20px; background-color: transparent;\"><font color=\"#ff1414\"><br><\/font><\/span><span style=\"font-size: 20px; background-color: transparent;\"><font color=\"#ff1414\"><br><\/font><\/span><p><a name=\"_Hlk117540653\" style=\"font-size: 12px;\"><span style=\"font-size:11.0pt;\nline-height:107%;font-family:&quot;Segoe UI Emoji&quot;,sans-serif;mso-fareast-font-family:\nCalibri;mso-fareast-theme-font:minor-latin;mso-bidi-font-family:&quot;Segoe UI Emoji&quot;;\nmso-ansi-language:ES-MX;mso-fareast-language:EN-US;mso-bidi-language:AR-SA\"><img decoding=\"async\" draggable=\"true\" role=\"img\" class=\"emoji\" alt=\"\u2705\" src=\"https:\/\/s.w.org\/images\/core\/emoji\/14.0.0\/svg\/2705.svg\">&nbsp;<\/span><\/a><span style=\"font-size: 20px;\"><font color=\"#35085a\"><strong>PLAN DE 3O DIAS DE COMIDAS UNANI (COME UNANI, TODO UN MES COMPLETO!)<\/strong><\/font>&nbsp;<\/span><\/p><p><span style=\"font-size: 20px;\"><span style=\"color: rgb(0, 0, 0);\">Te dice exactamente que platillos preparar cada d\u00eda, durante 30 d\u00edas seguidos para que&nbsp;<\/span><\/span><\/p><p><span style=\"font-size: 20px;\"><span style=\"color: rgb(0, 0, 0);\">logres sin esfuerzo comer todo un mes completamente unani. Con valor de<\/span> <font color=\"#ff1414\">$589 MXN<\/font><\/span><\/p><p><span style=\"font-size: 20px;\"><font color=\"#ff1414\"><br><\/font><\/span><\/p><span style=\"font-size: 20px;\"><font color=\"#ff1414\"><br><\/font><\/span>&nbsp;<p><a name=\"_Hlk117540653\" style=\"font-size: 12px;\"><span style=\"font-size:11.0pt;\nline-height:107%;font-family:&quot;Segoe UI Emoji&quot;,sans-serif;mso-fareast-font-family:\nCalibri;mso-fareast-theme-font:minor-latin;mso-bidi-font-family:&quot;Segoe UI Emoji&quot;;\nmso-ansi-language:ES-MX;mso-fareast-language:EN-US;mso-bidi-language:AR-SA\"><img decoding=\"async\" draggable=\"true\" role=\"img\" class=\"emoji\" alt=\"\u2705\" src=\"https:\/\/s.w.org\/images\/core\/emoji\/14.0.0\/svg\/2705.svg\">&nbsp;<\/span><\/a><span style=\"font-size: 20px;\"><font color=\"#35085a\"><strong>PLANEADOR DE COMIDAS SEMANAL.<\/strong><\/font> <span style=\"color: rgb(0, 0, 0);\">La plantilla que te ayudar\u00e1 a organizar los platillos&nbsp;<\/span><\/span><\/p><p><span style=\"font-size: 20px;\"><span style=\"color: rgb(0, 0, 0);\">unani que cocinar\u00e1s con ayuda de tu Libro de Cocina, para cada semana y a tener preparada&nbsp;<\/span><\/span><\/p><p><span style=\"font-size: 20px;\"><span style=\"color: rgb(0, 0, 0);\">y organizada tu lista de la compra. Con valor de<\/span> <font color=\"#ff1414\">$69 MXN&nbsp;<\/font><\/span><\/p><p><span style=\"font-size: 20px;\"><font color=\"#ff1414\"><br><\/font><\/span><\/p><span style=\"font-size: 20px;\">&nbsp;<\/span>\n\n\n\n\n<h2>Precio Libro de Cocina Unani: $939 MXN<\/h2>\n<h2>+ Bonus : $1,037 MXN<br><\/h2>\n<h2>Precio regular: $1,976 MXN<\/h2>\n\n\n\n\n\n<h1>Precio de lanzamiento incluyendo bonus:&nbsp;<\/h1>\n<h2>$779 MXN<\/h2>\n<p style=\"text-align: center;\"><span style=\"font-size: 18px; color: rgb(0, 0, 0);\">El precio es en pesos mexicanos&nbsp;<\/span><\/p>\n\n<p><br><\/p><p><br><\/p>\n\n\n\n\n<h2>La entrega del Libro de Cocina Unani y los bonus es inmediata por descarga online:&nbsp;<\/h2>\n\n\n\n\n<p><span style=\"color: rgb(0, 0, 0);\">El Libro de Cocina Unani es un libro digital, en formato PDF, que podr\u00e1s descargar inmediatamente. Lo puedes descargar en tu celular, tableta o computadora y desde cualquier lugar.&nbsp;<\/span><\/p>\n\n\n<br><p><span style=\"color: rgb(0, 0, 0);\">El tiempo de entrega es inmediato. Podr\u00e1s cocinar a partir de ya!!<\/span><\/p><br>\n\n\n\n\n<p><span style=\"color: rgb(0, 0, 0);\">Te ahorras costos de env\u00edo y no tendr\u00e1s que esperar para recibirlo.<\/span><\/p><br>\n\n\n<p><span style=\"color: rgb(0, 0, 0);\">Tendr\u00e1s acceso inmediato al Libro de Cocina y los Bonus de regalo, tan pronto como se haya confirmado el pago.<\/span><\/p>\n\n\n\n\n<p><br><\/p><p><br><\/p><p><br><\/p>\n\n\n\n\n\n\n\n<p style=\"text-align: justify; \"><span style=\"color: rgb(0, 0, 0);\"><span style=\"font-size: 18px;\"><span style=\"font-size: 18px;\">Garant\u00eda Certificaci\u00f3n Unani 100%. Todas las recetas incluidas en el Libro de Cocina son 100% unani y totalmente compatibles y aplicables al Sistema de Alimentaci\u00f3n Unani del Dr. David Duarte.<\/span><\/span><\/span><\/p>\n<p style=\"text-align: justify;\"><span style=\"background-color: transparent; font-size: 12px;\"><span style=\"font-size: 18px; color: rgb(0, 0, 0);\">Garant\u00eda 100% Satisfacci\u00f3n &#8211; 7 d\u00edas. Prueba las recetas del Libro de Cocina Unani durante 7 d\u00edas, si encuentras que las recetas son dif\u00edciles de preparar, o no te gustaron, simplemente te regresamos tu dinero invertido.&nbsp;<\/span>&nbsp;<\/span><\/p>\n\n\n\n\n<p><br><\/p><p><br><\/p><p><br><\/p>\n\n\n\n\n<h2>PREGUNTAS FRECUENTES<\/h2><div><br><\/div>\n\n\n\n\n<h4>\u00bfEl Libro de Cocina Unani es compatible con el Sistema Unani del Dr. David Duarte?&nbsp;<\/h4><p><span style=\"color: rgb(13, 3, 34); font-family: Montserrat; font-size: 18px; white-space: pre-wrap;\">S\u00ed, es totalmente compatible, este recetario est\u00e1 dise\u00f1ado en base a este sistema (SAU) a sus lineamientos y recomendaciones 100%. Tambi\u00e9n es compatible con el Orden Alimenticio (Biaani) del Dr. Jorge Reskala. <\/span><\/p>\n<h4>\u00bfSirve este producto para avanzados en el Sistema Unani?&nbsp;<\/h4><p><span style=\"color: rgb(13, 3, 34); font-family: Montserrat; font-size: 18px; white-space: pre-wrap;\">S\u00ed, tambi\u00e9n es para avanzados. Este compendio de recetas te dar\u00e1 m\u00e1s creatividad y nuevas ideas, hacer que disfrutes de nuevas recetas. Se acab\u00f3 la monoton\u00eda y el aburrimiento. Con el Libro de Cocina disfrutar\u00e1s mucho m\u00e1s de ser unani.<\/span><\/p>\n<h4>Vivo en otro pa\u00eds \u00bfme sirve a m\u00ed el Libro de Cocina?&nbsp;<\/h4><p><span style=\"color: rgb(13, 3, 34); font-family: Montserrat; font-size: 18px; white-space: pre-wrap;\">S\u00ed, el Libro de Cocina Unani incluye muchas recetas con alimentos que pueden encontrarse en pr\u00e1cticamente todos los pa\u00edses. Siempre podr\u00e1s cocinar unani, pues se incluyen alimentos e ingredientes f\u00e1ciles de encontrar y algunos platillos se pueden adaptar al lugar donde vives, sin problema.   <\/span><\/p>\n<p><br><\/p><p><br><\/p><p><br><\/p>\n\n\n<h4>\u00bfMe sirve el Libro de Cocina Unani, si estoy apenas iniciando con el Sistema?<\/h4><p><span style=\"color: rgb(13, 3, 34); font-family: Montserrat; font-size: 18px; white-space: pre-wrap;\">S\u00ed, tanto si ya comenzaste con el sistema unani, como si piensas iniciar es la herramienta y gu\u00eda perfecta que necesitas.  <\/span><\/p>\n<h4>\u00bfY si no tengo tiempo de cocinar?<\/h4><p><span style=\"color: rgb(13, 3, 34); font-family: Montserrat; font-size: 18px; white-space: pre-wrap;\">El Libro de Cocina Unani tiene recetas que puedes preparar en menos de 30 minutos. Muy r\u00e1pidas de cocinar. Pero adem\u00e1s como ya te dice los ingredientes, alimentos y utensilios que vas a necesitar, eso tambi\u00e9n te ahorrar\u00e1 mucho tiempo en la cocina. <\/span><\/p>\n<h4>\u00bfHay otro m\u00e9todo de pago?&nbsp;<\/h4><p><span style=\"color: rgb(13, 3, 34); font-family: Montserrat; font-size: 18px; white-space: pre-wrap;\">Aceptamos todas las tarjetas de d\u00e9bito y cr\u00e9dito. Y ofrecemos pago 100% seguro. Si no cuentas con tarjeta, contamos con otro m\u00e9todo de pago. Puedes pedir informaci\u00f3n en el siguiente correo: contacto@alimentacionunani.com  <\/span><\/p>\n\n\n\n\n<h2><br><\/h2><h2>Razones para adquirir tu Libro de Cocina Unani:&nbsp;<\/h2>\n\n\n\n\n<p><span style=\"font-size: 22px;\"><font color=\"#d503dd\"><strong>1.<\/strong><\/font><span style=\"color: rgb(0, 0, 0);\">\u00bfTe sientes sin una gu\u00eda o apoyo para seguir el Sistema Unani?&nbsp;<\/span> &nbsp;<strong style=\"\"><font color=\"#6924a1\">Con el Libro de Cocina Unani tendr\u00e1s el apoyo y gu\u00eda que tu necesitas.<\/font><\/strong><font color=\"#d503dd\"><strong><br><\/strong><\/font><\/span><\/p><p><span style=\"font-size: 22px;\"><font color=\"#d503dd\"><strong>2.<\/strong><\/font><span style=\"color: rgb(0, 0, 0);\">\u00bfTu alimentaci\u00f3n aunque es unani, es poco variada, aburrida y mon\u00f3tona?<\/span> <font color=\"#6924a1\"><strong>Con el Libro de Cocina Unani tu alimentaci\u00f3n ser\u00e1 ahora variada, divertida, creativa y deliciosa.<\/strong><\/font><\/span><font color=\"#d503dd\"><strong><br><\/strong><\/font><span style=\"font-size: 22px;\"><font color=\"#d503dd\"><strong>3.<\/strong><\/font><span style=\"color: rgb(0, 0, 0);\">\u00bfNo tienes idea de que comer que sea unani? <\/span><font color=\"#6924a1\"><strong>Con el Libro de Cocina Unani tendr\u00e1s muchas ideas de comidas unani.<\/strong><\/font><\/span><font color=\"#d503dd\"><br><\/font><span style=\"font-size: 22px;\"><font color=\"#d503dd\"><strong>4.<\/strong><\/font><span style=\"color: rgb(0, 0, 0);\">\u00bfNo encuentras variedad de recetas unani?&nbsp;<\/span> <font color=\"#6924a1\"><strong>Con el Libro de Cocina Unani tienes una gran variedad de recetas, cada una 100% unani, para cocinar y disfrutar.<\/strong><\/font><\/span><\/p><p><span style=\"font-size: 22px;\"><font color=\"#d503dd\"><strong>5.<\/strong><\/font><span style=\"color: rgb(0, 0, 0);\">\u00bfNo est\u00e1s seguro si lo que comes y cocinas es 100% unani y dudas de si est\u00e1s haciendo bien el sistema?<\/span> <font color=\"#6924a1\"><strong>Con el Libro de Cocina Unani estar\u00e1s totalmente seguro de que lo que est\u00e1s cocinando y comiendo es completamente unani y con ello estar\u00e1s siguiendo el sistema al 100%, con mucho m\u00e1s \u00e9xito.&nbsp;<\/strong><\/font><\/span><\/p>\n\n\n\n\n<h2><br><\/h2><h2>NO TE PIERDAS ESTA OPORTUNIDAD, ADQUIERE HOY TU LIBRO DE COCINA UNANI<\/h2><h3>Solo estar\u00e1 disponible a este precio por tiempo limitado, despu\u00e9s volver\u00e1 a su precio regular.<\/h3>\n\n\n\n\n\n\n\n\n\n\n\n\n\n\n<br><br><br><br><br><p style=\"text-align: center;\"><span style=\"font-family: Arial, Helvetica, sans-serif;\"><span style=\"font-size: 16px;\">Alimentaci\u00f3n Unani |&nbsp;\u00a9 2023 | Todos los Derechos Reservados&nbsp;<\/span><span style=\"font-size: 16px;\"><\/span><span style=\"background-color: transparent; font-size: 12px;\"><\/span><\/span><\/p><p class=\"MsoNormal\"><o:p><\/o:p><\/p>\n\n\n","protected":false},"excerpt":{"rendered":"","protected":false},"author":1,"featured_media":0,"parent":0,"menu_order":0,"comment_status":"closed","ping_status":"closed","template":"","meta":{"footnotes":""},"class_list":["post-3638","page","type-page","status-publish","hentry"],"_links":{"self":[{"href":"https:\/\/alimentacionunani.com\/index.php\/wp-json\/wp\/v2\/pages\/3638","targetHints":{"allow":["GET"]}}],"collection":[{"href":"https:\/\/alimentacionunani.com\/index.php\/wp-json\/wp\/v2\/pages"}],"about":[{"href":"https:\/\/alimentacionunani.com\/index.php\/wp-json\/wp\/v2\/types\/page"}],"author":[{"embeddable":true,"href":"https:\/\/alimentacionunani.com\/index.php\/wp-json\/wp\/v2\/users\/1"}],"replies":[{"embeddable":true,"href":"https:\/\/alimentacionunani.com\/index.php\/wp-json\/wp\/v2\/comments?post=3638"}],"version-history":[{"count":26,"href":"https:\/\/alimentacionunani.com\/index.php\/wp-json\/wp\/v2\/pages\/3638\/revisions"}],"predecessor-version":[{"id":4082,"href":"https:\/\/alimentacionunani.com\/index.php\/wp-json\/wp\/v2\/pages\/3638\/revisions\/4082"}],"wp:attachment":[{"href":"https:\/\/alimentacionunani.com\/index.php\/wp-json\/wp\/v2\/media?parent=3638"}],"curies":[{"name":"wp","href":"https:\/\/api.w.org\/{rel}","templated":true}]}}