{"id":3362,"date":"2021-07-14T00:43:31","date_gmt":"2021-07-14T05:43:31","guid":{"rendered":"https:\/\/alimentacionunani.com\/?page_id=2858"},"modified":"2025-06-02T22:49:36","modified_gmt":"2025-06-03T04:49:36","slug":"productos","status":"publish","type":"page","link":"https:\/\/alimentacionunani.com\/index.php\/productos\/","title":{"rendered":"Productos"},"content":{"rendered":"\n\n\n\n<p class=\"MsoNormal\" align=\"justify\" style=\"text-align:justify;text-justify:inter-ideograph;\"><span style=\"mso-spacerun:'yes';font-family:Calibri;mso-bidi-font-family:'Times New Roman';\nfont-size:11.0000pt;\"><span style=\"font-size: 20px; color: rgb(0, 0, 0);\">Bienvenido al \u00e1rea de productos, aqu\u00ed encontrar\u00e1s nuestros productos digitales para llevar con \u00e9xito tu alimentaci\u00f3n unani. &nbsp;Somos los primeros en ofrecerte productos de calidad enfocados total y completamente a la alimentaci\u00f3n unani, para que tu introducci\u00f3n y mantenimiento por el sistema unani sea lleno de \u00e9xito y salud!&nbsp;&nbsp;<\/span><\/span><span style=\"mso-spacerun:'yes';font-family:Calibri;mso-bidi-font-family:'Times New Roman';\nfont-size:11.0000pt;\"><o:p><\/o:p><\/span><\/p>\n\n\n\n\n\n\n\n\n<h2>Libro de Cocina Unani<\/h2>\n<span style=\"color: rgb(0, 0, 0);\"><span style=\"mso-spacerun:'yes';font-family:Calibri;mso-bidi-font-family:'Times New Roman';\nfont-size:11.0000pt;\"><\/span><\/span><p><span style=\"font-size: 20px; color: rgb(0, 0, 0);\">Comer unani nunca fue tan f\u00e1cil, pr\u00e1ctico y delicioso. El \u00fanico y m\u00e1s completo recetario digital totalmente unani. Para aplicarlo al sistema de alimentaci\u00f3n unani. Con 235 recetas 100% unani. Incluye recetas de carnes y prote\u00ednas, guarniciones, salsas, vinagretas y mucho m\u00e1s\u2026. Tambi\u00e9n incluye recomendaciones de bebidas unani para cada platillo\u2026..<\/span><\/p><span style=\"font-family: Calibri; font-size: 11pt; color: rgb(0, 0, 0);\"><\/span>\n\n\n\n","protected":false},"excerpt":{"rendered":"","protected":false},"author":1,"featured_media":0,"parent":0,"menu_order":0,"comment_status":"closed","ping_status":"closed","template":"","meta":{"footnotes":""},"class_list":["post-3362","page","type-page","status-publish","hentry"],"_links":{"self":[{"href":"https:\/\/alimentacionunani.com\/index.php\/wp-json\/wp\/v2\/pages\/3362","targetHints":{"allow":["GET"]}}],"collection":[{"href":"https:\/\/alimentacionunani.com\/index.php\/wp-json\/wp\/v2\/pages"}],"about":[{"href":"https:\/\/alimentacionunani.com\/index.php\/wp-json\/wp\/v2\/types\/page"}],"author":[{"embeddable":true,"href":"https:\/\/alimentacionunani.com\/index.php\/wp-json\/wp\/v2\/users\/1"}],"replies":[{"embeddable":true,"href":"https:\/\/alimentacionunani.com\/index.php\/wp-json\/wp\/v2\/comments?post=3362"}],"version-history":[{"count":7,"href":"https:\/\/alimentacionunani.com\/index.php\/wp-json\/wp\/v2\/pages\/3362\/revisions"}],"predecessor-version":[{"id":3984,"href":"https:\/\/alimentacionunani.com\/index.php\/wp-json\/wp\/v2\/pages\/3362\/revisions\/3984"}],"wp:attachment":[{"href":"https:\/\/alimentacionunani.com\/index.php\/wp-json\/wp\/v2\/media?parent=3362"}],"curies":[{"name":"wp","href":"https:\/\/api.w.org\/{rel}","templated":true}]}}