{"id":2858,"date":"2021-05-10T00:41:35","date_gmt":"2021-05-10T00:41:35","guid":{"rendered":"https:\/\/alimentacionunani.com\/?page_id=2858"},"modified":"2021-08-09T19:14:41","modified_gmt":"2021-08-09T19:14:41","slug":"recursos","status":"publish","type":"page","link":"https:\/\/alimentacionunani.com\/index.php\/recursos\/","title":{"rendered":"Recursos"},"content":{"rendered":"\n\n\n\n<p><span style=\"font-size: 19px; color: rgb(0, 0, 0);\">Informaci\u00f3n \u00fatil, pr\u00e1ctica y original sobre la alimentaci\u00f3n unani, que te ayudar\u00e1 a reafirmar conceptos y realizar con \u00e9xito este sistema de alimentaci\u00f3n.<\/span><\/p><br>\n\n\n\n\n\n\n\n<p><span style=\"font-size: 13px;\"><\/span><span style=\"font-size: 13px;\">RECURSO<\/span><\/p>\n\n\n\n\n\n\n\n<p class=\"MsoNormal\" style=\"text-align: center;\"><span style=\"font-family: Calibri; font-size: 17px; color: rgb(0, 0, 0);\">COMO PREPARAR TU SUERO CASERO PASO A PASO<\/span><\/p>\n\n\n\n\n\n\n\n\n<p style=\"font-size: 13px;\">RECURSO<\/p>\n\n\n\n\n\n<p style=\"text-align: center;\"><span style=\"color: rgb(0, 0, 0);\">LOS 5 ESENCIALES EN LA ALIMENTACION UNANI<\/span><\/p>\n\n\n\n\n\n\n\n<p style=\"font-size: 13px;\">RECURSO<\/p>\n\n\n\n\n\n<p class=\"MsoNormal\" style=\"text-align: center; \"><span style=\"font-family: Calibri; font-size: 20px; color: rgb(0, 0, 0);\"><span style=\"font-size: 18px;\"><\/span><span style=\"font-size: 17px;\"><span style=\"line-height: 0.9;\">BIORREGULADORES EN LA ALIMENTACION UNANI<\/span><span style=\"line-height: 0.9;\"><\/span><\/span><\/span><\/p>\n\n\n\n\n\n\n\n\n<p style=\"font-size: 13px;\">RECURSO<\/p>\n\n\n\n\n\n<p style=\"text-align: center; \"><span style=\"color: rgb(0, 0, 0);\">SUERO CASERO VS. AGUA EMBOTELLADA<\/span><\/p>\n\n\n\n\n\n\n\n\n","protected":false},"excerpt":{"rendered":"","protected":false},"author":1,"featured_media":0,"parent":0,"menu_order":0,"comment_status":"closed","ping_status":"closed","template":"","meta":{"footnotes":""},"class_list":["post-2858","page","type-page","status-publish","hentry"],"_links":{"self":[{"href":"https:\/\/alimentacionunani.com\/index.php\/wp-json\/wp\/v2\/pages\/2858","targetHints":{"allow":["GET"]}}],"collection":[{"href":"https:\/\/alimentacionunani.com\/index.php\/wp-json\/wp\/v2\/pages"}],"about":[{"href":"https:\/\/alimentacionunani.com\/index.php\/wp-json\/wp\/v2\/types\/page"}],"author":[{"embeddable":true,"href":"https:\/\/alimentacionunani.com\/index.php\/wp-json\/wp\/v2\/users\/1"}],"replies":[{"embeddable":true,"href":"https:\/\/alimentacionunani.com\/index.php\/wp-json\/wp\/v2\/comments?post=2858"}],"version-history":[{"count":28,"href":"https:\/\/alimentacionunani.com\/index.php\/wp-json\/wp\/v2\/pages\/2858\/revisions"}],"predecessor-version":[{"id":3423,"href":"https:\/\/alimentacionunani.com\/index.php\/wp-json\/wp\/v2\/pages\/2858\/revisions\/3423"}],"wp:attachment":[{"href":"https:\/\/alimentacionunani.com\/index.php\/wp-json\/wp\/v2\/media?parent=2858"}],"curies":[{"name":"wp","href":"https:\/\/api.w.org\/{rel}","templated":true}]}}