{"id":2783,"date":"2021-04-30T02:02:44","date_gmt":"2021-04-30T02:02:44","guid":{"rendered":"https:\/\/alimentacionunani.com\/?page_id=2783"},"modified":"2021-06-03T02:28:34","modified_gmt":"2021-06-03T02:28:34","slug":"the-traditional-healers-handbook-a-classic-guide-to-the-medicine-of-avicenna","status":"publish","type":"page","link":"https:\/\/alimentacionunani.com\/index.php\/the-traditional-healers-handbook-a-classic-guide-to-the-medicine-of-avicenna\/","title":{"rendered":"The Traditional Healer&#8217;s Handbook: A Classic Guide to the Medicine of Avicenna"},"content":{"rendered":"\n\n<h2>The traditional healer\u00b4s handbook<\/h2>\n\n\n\n\n\n\n\n<p align=\"justify\"><span style=\"color: rgb(0, 0, 0);\"><span>Es el manual del curandero tradicional, basado en la medicina de Avicenna. Esta gu\u00eda complete para la curaci\u00f3n sintetiza los principios y practicas de la medicina hipocr\u00e1tica, china, ayurv\u00e9dica y persa, e incluye la primera traducci\u00f3n al ingl\u00e9s de uno de los manuales de Avicenna, cuyos escritos han sido cl\u00e1sicos en la medicina herbal y diet\u00e9tica durante m\u00e1s de 1,000 a\u00f1os. <\/span><span><o:p><\/o:p><\/span><\/span><\/p><span style=\"color: rgb(0, 0, 0);\"><br><\/span><p align=\"justify\"><span style=\"color: rgb(0, 0, 0);\"><span>Basado en la filosof\u00eda de que <\/span><strong><span>la comida es la mejor medicina<\/span><\/strong><span>&nbsp;el canon de Avicenna proporciona <\/span><strong><span>t\u00e9cnicas y terapias de diagn\u00f3stico<\/span><\/strong><span>&nbsp;simples y efectivas para mantener la salud y fortalecer el sistema inmunol\u00f3gico. <\/span><span><o:p><\/o:p><\/span><\/span><\/p><span style=\"color: rgb(0, 0, 0);\"><br><\/span><p align=\"justify\"><span style=\"color: rgb(0, 0, 0);\"><strong><span>Incluye una gu\u00eda bot\u00e1nica de las 100 hierbas curativas m\u00e1s utilizadas y &nbsp;tratamientos recomendados<\/span><\/strong><span>&nbsp;para 400 afecciones que incluyen dieta, nutrici\u00f3n, herbolaria y aromaterapia. <\/span><span><o:p><\/o:p><\/span><\/span><\/p><span style=\"color: rgb(0, 0, 0);\"><br><\/span><p align=\"justify\"><span style=\"color: rgb(0, 0, 0);\"><span>The traditional Healer\u00b4s Handbook: a classic guide to the medicine of Avicenna<\/span><span><o:p><\/o:p><\/span><\/span><\/p><p align=\"justify\"><span style=\"color: rgb(0, 0, 0);\"><span>Autor: Hakim G. M. Chishti &nbsp;<\/span><span><o:p><\/o:p><\/span><\/span><\/p><p align=\"justify\"><span style=\"color: rgb(0, 0, 0);\">A\u00f1o: 1988<\/span><span><o:p><\/o:p><\/span><\/p>\n\n\n\n","protected":false},"excerpt":{"rendered":"","protected":false},"author":1,"featured_media":0,"parent":0,"menu_order":0,"comment_status":"closed","ping_status":"closed","template":"","meta":{"footnotes":""},"class_list":["post-2783","page","type-page","status-publish","hentry"],"_links":{"self":[{"href":"https:\/\/alimentacionunani.com\/index.php\/wp-json\/wp\/v2\/pages\/2783","targetHints":{"allow":["GET"]}}],"collection":[{"href":"https:\/\/alimentacionunani.com\/index.php\/wp-json\/wp\/v2\/pages"}],"about":[{"href":"https:\/\/alimentacionunani.com\/index.php\/wp-json\/wp\/v2\/types\/page"}],"author":[{"embeddable":true,"href":"https:\/\/alimentacionunani.com\/index.php\/wp-json\/wp\/v2\/users\/1"}],"replies":[{"embeddable":true,"href":"https:\/\/alimentacionunani.com\/index.php\/wp-json\/wp\/v2\/comments?post=2783"}],"version-history":[{"count":7,"href":"https:\/\/alimentacionunani.com\/index.php\/wp-json\/wp\/v2\/pages\/2783\/revisions"}],"predecessor-version":[{"id":3017,"href":"https:\/\/alimentacionunani.com\/index.php\/wp-json\/wp\/v2\/pages\/2783\/revisions\/3017"}],"wp:attachment":[{"href":"https:\/\/alimentacionunani.com\/index.php\/wp-json\/wp\/v2\/media?parent=2783"}],"curies":[{"name":"wp","href":"https:\/\/api.w.org\/{rel}","templated":true}]}}