{"id":2779,"date":"2021-04-30T02:00:07","date_gmt":"2021-04-30T02:00:07","guid":{"rendered":"https:\/\/alimentacionunani.com\/?page_id=2779"},"modified":"2021-06-03T02:29:06","modified_gmt":"2021-06-03T02:29:06","slug":"libro-regimenal-teraphy-and-unani-speciality","status":"publish","type":"page","link":"https:\/\/alimentacionunani.com\/index.php\/libro-regimenal-teraphy-and-unani-speciality\/","title":{"rendered":"Regimenal teraphy and unani speciality"},"content":{"rendered":"\n\n<h2>Regimenal teraphy and unani speciality<\/h2>\n\n\n\n\n\n\n\n<p align=\"justify\"><span style=\"color: rgb(0, 0, 0);\"><span>La terapia de regimen es un tema de enorme expansion de la medicina Unani, adem\u00e1s de tartar la enfermedad directamente en la actualidad, los procesos de regimen se est\u00e1n adoptando extensa y comunmente como medidas preventivas para diversas enfermedades, especialmente para las enfermedades relacionadas con el estilo de vida. <\/span><span><o:p><\/o:p><\/span><\/span><\/p><span style=\"color: rgb(0, 0, 0);\"><br><\/span><p align=\"justify\"><span style=\"color: rgb(0, 0, 0);\"><span>El libro incluye <\/span><strong><span>pautas y procedimientos<\/span><\/strong><span>&nbsp;con figuras y explicaci\u00f3n cient\u00edfica simple y <\/span><strong><span>m\u00e9todos de tratamiento actualizados<\/span><\/strong><span>&nbsp;que atraer\u00e1n la atenci\u00f3n especial de los lectores a esta edici\u00f3n.<\/span><span><o:p><\/o:p><\/span><\/span><\/p><span style=\"color: rgb(0, 0, 0);\"><br><\/span><p><span style=\"color: rgb(0, 0, 0);\"><span>A textbook of regimenal therapy and unani speciality<\/span><span><o:p><\/o:p><\/span><\/span><\/p><p align=\"justify\"><span style=\"color: rgb(0, 0, 0);\"><span>Autor: Izharul Hasan<\/span><span><o:p><\/o:p><\/span><\/span><\/p><p align=\"justify\"><span style=\"color: rgb(0, 0, 0);\">A\u00f1o: 2014<\/span><span><o:p><\/o:p><\/span><\/p>\n\n\n\n","protected":false},"excerpt":{"rendered":"","protected":false},"author":1,"featured_media":0,"parent":0,"menu_order":0,"comment_status":"closed","ping_status":"closed","template":"","meta":{"footnotes":""},"class_list":["post-2779","page","type-page","status-publish","hentry"],"_links":{"self":[{"href":"https:\/\/alimentacionunani.com\/index.php\/wp-json\/wp\/v2\/pages\/2779","targetHints":{"allow":["GET"]}}],"collection":[{"href":"https:\/\/alimentacionunani.com\/index.php\/wp-json\/wp\/v2\/pages"}],"about":[{"href":"https:\/\/alimentacionunani.com\/index.php\/wp-json\/wp\/v2\/types\/page"}],"author":[{"embeddable":true,"href":"https:\/\/alimentacionunani.com\/index.php\/wp-json\/wp\/v2\/users\/1"}],"replies":[{"embeddable":true,"href":"https:\/\/alimentacionunani.com\/index.php\/wp-json\/wp\/v2\/comments?post=2779"}],"version-history":[{"count":5,"href":"https:\/\/alimentacionunani.com\/index.php\/wp-json\/wp\/v2\/pages\/2779\/revisions"}],"predecessor-version":[{"id":3018,"href":"https:\/\/alimentacionunani.com\/index.php\/wp-json\/wp\/v2\/pages\/2779\/revisions\/3018"}],"wp:attachment":[{"href":"https:\/\/alimentacionunani.com\/index.php\/wp-json\/wp\/v2\/media?parent=2779"}],"curies":[{"name":"wp","href":"https:\/\/api.w.org\/{rel}","templated":true}]}}