{"id":2770,"date":"2021-04-30T01:55:32","date_gmt":"2021-04-30T01:55:32","guid":{"rendered":"https:\/\/alimentacionunani.com\/?page_id=2770"},"modified":"2021-06-03T02:27:29","modified_gmt":"2021-06-03T02:27:29","slug":"libro-greek-medicine","status":"publish","type":"page","link":"https:\/\/alimentacionunani.com\/index.php\/libro-greek-medicine\/","title":{"rendered":"Greek medicine"},"content":{"rendered":"\n\n<h2>Greek medicine<\/h2>\n\n\n\n\n\n\n\n<p align=\"justify\"><span style=\"color: rgb(0, 0, 0);\"><span>Medicina griega: de la \u00e9poca heroica a la helen\u00edstica, un libro de consulta, es la traducci\u00f3n de este libro al espa\u00f1ol. <\/span><span><o:p><\/o:p><\/span><\/span><\/p><span style=\"color: rgb(0, 0, 0);\"><br><\/span><p align=\"justify\"><span style=\"color: rgb(0, 0, 0);\"><span>Los griegos fueron los primeros en utilizar sistemas racionales de medicina, basados en la creencia de la causalidad natural, en lugar de elementos m\u00e1gicos y religiosos, lo que result\u00f3 en una nueva concepci\u00f3n de la enfermedad, que explica las causas y s\u00edntomas de la enfermedades, desde otra perspectiva. La \u201cmedicina griega\u201d sit\u00faa la medicina griega antigua, desde Homero hasta los alejandrinos, dentro de su contexto historico e intelectual al presentar en este libro una selecci\u00f3n de material original traducido. <\/span><span><o:p><\/o:p><\/span><\/span><\/p><span style=\"color: rgb(0, 0, 0);\"><br><\/span><p align=\"justify\"><span style=\"color: rgb(0, 0, 0);\"><span>Este libro ofrece un relato cronol\u00f3gico de los aspectos m\u00e1s importantes de la medicina antigua e incluye cap\u00edtulos sobre \u00e1reas espec\u00edficas de la medicina como ginecolog\u00eda, diet\u00e9tica, farmacolog\u00eda y cirug\u00eda. <\/span><span><o:p><\/o:p><\/span><\/span><\/p><span style=\"color: rgb(0, 0, 0);\"><br><\/span><p align=\"justify\"><span style=\"color: rgb(0, 0, 0);\"><span>Un libro muy interesante, que nos pone de manifiesto c\u00f3mo la antigua medicina griega ya ve\u00eda causas naturales en las enfermedades, y que hab\u00eda que ir a la causa para curar el s\u00edntoma o la enfermedad, siendo \u00e9sta la misma premisa en la medicina Unani. Excelente informaci\u00f3n para adentrarnos en las bases del tema Unani y en general de la medicina griega.<\/span><span><o:p><\/o:p><\/span><\/span><\/p><span style=\"color: rgb(0, 0, 0);\"><br><\/span><p align=\"justify\"><span style=\"color: rgb(0, 0, 0);\"><span>Greek Medicine: from the heroic to hellenistic age, a source book<\/span><span><o:p><\/o:p><\/span><\/span><\/p><p align=\"justify\"><span style=\"color: rgb(0, 0, 0);\"><span>Autor: James Longrigg<\/span><span><o:p><\/o:p><\/span><\/span><\/p><p align=\"justify\"><span style=\"color: rgb(0, 0, 0);\">A\u00f1o: 1998<\/span><span><o:p><\/o:p><\/span><\/p>\n\n\n\n","protected":false},"excerpt":{"rendered":"","protected":false},"author":1,"featured_media":0,"parent":0,"menu_order":0,"comment_status":"closed","ping_status":"closed","template":"","meta":{"footnotes":""},"class_list":["post-2770","page","type-page","status-publish","hentry"],"_links":{"self":[{"href":"https:\/\/alimentacionunani.com\/index.php\/wp-json\/wp\/v2\/pages\/2770","targetHints":{"allow":["GET"]}}],"collection":[{"href":"https:\/\/alimentacionunani.com\/index.php\/wp-json\/wp\/v2\/pages"}],"about":[{"href":"https:\/\/alimentacionunani.com\/index.php\/wp-json\/wp\/v2\/types\/page"}],"author":[{"embeddable":true,"href":"https:\/\/alimentacionunani.com\/index.php\/wp-json\/wp\/v2\/users\/1"}],"replies":[{"embeddable":true,"href":"https:\/\/alimentacionunani.com\/index.php\/wp-json\/wp\/v2\/comments?post=2770"}],"version-history":[{"count":5,"href":"https:\/\/alimentacionunani.com\/index.php\/wp-json\/wp\/v2\/pages\/2770\/revisions"}],"predecessor-version":[{"id":3016,"href":"https:\/\/alimentacionunani.com\/index.php\/wp-json\/wp\/v2\/pages\/2770\/revisions\/3016"}],"wp:attachment":[{"href":"https:\/\/alimentacionunani.com\/index.php\/wp-json\/wp\/v2\/media?parent=2770"}],"curies":[{"name":"wp","href":"https:\/\/api.w.org\/{rel}","templated":true}]}}