{"id":2766,"date":"2021-04-30T01:53:20","date_gmt":"2021-04-30T01:53:20","guid":{"rendered":"https:\/\/alimentacionunani.com\/?page_id=2766"},"modified":"2021-06-06T00:48:38","modified_gmt":"2021-06-06T00:48:38","slug":"libro-avicennas-single-drugs","status":"publish","type":"page","link":"https:\/\/alimentacionunani.com\/index.php\/libro-avicennas-single-drugs\/","title":{"rendered":"Avicennas single drugs"},"content":{"rendered":"\n\n<h2>Avicennas single drugs<\/h2>\n\n\n\n\n\n\n\n\n<p><span style=\"color: rgb(0, 0, 0);\"><span>El segundo libro del canon de la medicina. Drogas individuales de Avicena, es el nombre de este libro. En ingl\u00e9s completamente.&nbsp;<\/span><\/span><\/p><span style=\"color: rgb(0, 0, 0);\"><br><\/span><p><span style=\"color: rgb(0, 0, 0);\">Desafortunadamente este tipo de grandes e interesantes libros, no est\u00e1n traducidos al espa\u00f1ol.<\/span><\/p><span style=\"color: rgb(0, 0, 0);\"><br><\/span><p align=\"justify\"><span style=\"color: rgb(0, 0, 0);\"><span>Esta versi\u00f3n en ingl\u00e9s, es una traducci\u00f3n muy exacta del \u00e1rabe del segundo libro original de Avicena del Canon de la Medicina, de drogas individuales. <\/span><strong><span>Contiene m\u00e1s de 800 nombres y descripciones de medicamentos<\/span><\/strong><span>&nbsp;de acuerdo con la lista de Avicenna, su nomenclatura cient\u00edfica, nombres en ingl\u00e9s, todos los nombres \u00e1rabes que tienen y sus nombres correspondientes en la \u201cMatria Medica\u201d de Diosc\u00f3rides. Esta combinaci\u00f3n de nombres es exclusiva de este libro.<\/span><span><o:p><\/o:p><\/span><\/span><\/p><span style=\"color: rgb(0, 0, 0);\"><br><\/span><p align=\"justify\"><span style=\"color: rgb(0, 0, 0);\"><span>El traductor del libro, el Dr. Mones Abu-Asab, ha escrito una explicaci\u00f3n de los efectos del sistema de cuatro grados de las drogas en los <\/span><strong><span>temperamentos<\/span><\/strong><span>&nbsp;y un resumen del <\/span><strong><span>sistema Unani Tibb<\/span><\/strong><span>&nbsp;para los lectores que no est\u00e1n familiarizados con la terminolog\u00eda b\u00e1sica del sistema. <\/span><span><o:p><\/o:p><\/span><\/span><\/p><span style=\"color: rgb(0, 0, 0);\"><br><\/span><p align=\"justify\"><span style=\"color: rgb(0, 0, 0);\"><span>Se han corregido los nombres mal escritos de las drogas, personas y ubicaciones que fueron distorsionados a lo largo de los siglos en las versiones anteriores de este Canon, y <\/span><strong><span>se presentan los enfoques descriptivos de Avicenna<\/span><\/strong><span>, especialmente donde agrupa varias drogas, as\u00ed como las redundancias de las listas de medicamentos. <\/span><span><o:p><\/o:p><\/span><\/span><\/p><span style=\"color: rgb(0, 0, 0);\"><br><\/span><p align=\"justify\"><span style=\"color: rgb(0, 0, 0);\"><span>Un libro \u00fanico en su tipo, b\u00e1sico para comprender el trabajo de Avicenna, todas las hierbas, f\u00f3rmulas y drogas que utilizaba en sus tratamientos y tambi\u00e9n para entender m\u00e1s a fondo del sistema Unani y los temperamentos. Sumamente completo y recomendable. Uno de los b\u00e1sicos en el tema Unani.<\/span><span><o:p><\/o:p><\/span><\/span><\/p><span style=\"color: rgb(0, 0, 0);\"><br><\/span><p align=\"justify\"><span style=\"color: rgb(0, 0, 0);\"><span>Avicenna\u00b4s Single Drugs: The Second Book of the Canon of Medicine<\/span><span><o:p><\/o:p><\/span><\/span><\/p><p><span style=\"color: rgb(0, 0, 0);\"><span>Autor: Mones S. Abu-Asab<\/span>ro<\/span><\/p>\n\n\n\n","protected":false},"excerpt":{"rendered":"","protected":false},"author":1,"featured_media":0,"parent":0,"menu_order":0,"comment_status":"closed","ping_status":"closed","template":"","meta":{"footnotes":""},"class_list":["post-2766","page","type-page","status-publish","hentry"],"_links":{"self":[{"href":"https:\/\/alimentacionunani.com\/index.php\/wp-json\/wp\/v2\/pages\/2766","targetHints":{"allow":["GET"]}}],"collection":[{"href":"https:\/\/alimentacionunani.com\/index.php\/wp-json\/wp\/v2\/pages"}],"about":[{"href":"https:\/\/alimentacionunani.com\/index.php\/wp-json\/wp\/v2\/types\/page"}],"author":[{"embeddable":true,"href":"https:\/\/alimentacionunani.com\/index.php\/wp-json\/wp\/v2\/users\/1"}],"replies":[{"embeddable":true,"href":"https:\/\/alimentacionunani.com\/index.php\/wp-json\/wp\/v2\/comments?post=2766"}],"version-history":[{"count":6,"href":"https:\/\/alimentacionunani.com\/index.php\/wp-json\/wp\/v2\/pages\/2766\/revisions"}],"predecessor-version":[{"id":3026,"href":"https:\/\/alimentacionunani.com\/index.php\/wp-json\/wp\/v2\/pages\/2766\/revisions\/3026"}],"wp:attachment":[{"href":"https:\/\/alimentacionunani.com\/index.php\/wp-json\/wp\/v2\/media?parent=2766"}],"curies":[{"name":"wp","href":"https:\/\/api.w.org\/{rel}","templated":true}]}}