{"id":2762,"date":"2021-04-30T01:51:38","date_gmt":"2021-04-30T01:51:38","guid":{"rendered":"https:\/\/alimentacionunani.com\/?page_id=2762"},"modified":"2021-06-03T02:09:44","modified_gmt":"2021-06-03T02:09:44","slug":"libro-grecoarab-and-islamic-herbal-medicine","status":"publish","type":"page","link":"https:\/\/alimentacionunani.com\/index.php\/libro-grecoarab-and-islamic-herbal-medicine\/","title":{"rendered":"Grecoarab and islamic herbal medicine"},"content":{"rendered":"\n\n<h2>Grecoarab and islamic herbal medicine<\/h2>\n\n\n\n\n\n\n\n<p align=\"justify\"><span style=\"color: rgb(0, 0, 0);\"><span>Este libro nos presenta una revisi\u00f3n sistem\u00e1tica de la medicina tradicional \u00e1rabe a base de hierbas. Se abordan sus antecedentes hist\u00f3ricos, las innovaciones m\u00e9dicas introducidas por m\u00e9dicos \u00e1rabes, las ra\u00edces comunes de la medicina \u00e1rabe y la medicina occidental, la metodolog\u00eda del descubrimiento de f\u00e1rmacos y la terapia en la medicina \u00e1rabe e isl\u00e1mica. El arte de esta medicina a base de hierbas, su seguridad y eficacia basada en evidencias. <\/span><span><o:p><\/o:p><\/span><\/span><\/p><span style=\"color: rgb(0, 0, 0);\"><br><\/span><p align=\"justify\"><span style=\"color: rgb(0, 0, 0);\"><span>Tambi\u00e9n se discute el uso de t\u00e9cnicas modernas de biolog\u00eda celular, bioqu\u00edmica in vitro e in vivo para la evaluaci\u00f3n de la seguridad y eficacia de las plantas medicinales. Se incluyen aspectos como la toxicidad, seguridad, garant\u00edas de calidad y las t\u00e9cnicas de an\u00e1lisis qu\u00edmico de formulaciones a base de hierbas propias de la medicina greco\u00e1rabe e isl\u00e1mica. <\/span><span><o:p><\/o:p><\/span><\/span><\/p><span style=\"color: rgb(0, 0, 0);\"><br><\/span><p align=\"justify\"><span style=\"color: rgb(0, 0, 0);\"><span>Greco-Arab and Islamic Herbal Medicine: Traditional System, Ethics, Safety, Efficacy, and Regulatory Issues<\/span><span><o:p><\/o:p><\/span><\/span><\/p><p align=\"justify\"><span style=\"color: rgb(0, 0, 0);\"><span>Autores: Bashar Saad, Omar Said <\/span><span><o:p><\/o:p><\/span><\/span><\/p><p align=\"justify\"><span style=\"color: rgb(0, 0, 0);\">A\u00f1o: 2011<\/span><span><o:p><\/o:p><\/span><\/p>\n\n\n\n","protected":false},"excerpt":{"rendered":"","protected":false},"author":1,"featured_media":0,"parent":0,"menu_order":0,"comment_status":"closed","ping_status":"closed","template":"","meta":{"footnotes":""},"class_list":["post-2762","page","type-page","status-publish","hentry"],"_links":{"self":[{"href":"https:\/\/alimentacionunani.com\/index.php\/wp-json\/wp\/v2\/pages\/2762","targetHints":{"allow":["GET"]}}],"collection":[{"href":"https:\/\/alimentacionunani.com\/index.php\/wp-json\/wp\/v2\/pages"}],"about":[{"href":"https:\/\/alimentacionunani.com\/index.php\/wp-json\/wp\/v2\/types\/page"}],"author":[{"embeddable":true,"href":"https:\/\/alimentacionunani.com\/index.php\/wp-json\/wp\/v2\/users\/1"}],"replies":[{"embeddable":true,"href":"https:\/\/alimentacionunani.com\/index.php\/wp-json\/wp\/v2\/comments?post=2762"}],"version-history":[{"count":5,"href":"https:\/\/alimentacionunani.com\/index.php\/wp-json\/wp\/v2\/pages\/2762\/revisions"}],"predecessor-version":[{"id":3014,"href":"https:\/\/alimentacionunani.com\/index.php\/wp-json\/wp\/v2\/pages\/2762\/revisions\/3014"}],"wp:attachment":[{"href":"https:\/\/alimentacionunani.com\/index.php\/wp-json\/wp\/v2\/media?parent=2762"}],"curies":[{"name":"wp","href":"https:\/\/api.w.org\/{rel}","templated":true}]}}