{"id":2758,"date":"2021-04-30T01:48:45","date_gmt":"2021-04-30T01:48:45","guid":{"rendered":"https:\/\/alimentacionunani.com\/?page_id=2758"},"modified":"2021-06-03T02:08:48","modified_gmt":"2021-06-03T02:08:48","slug":"libro-the-healing-powers-of-vinegar","status":"publish","type":"page","link":"https:\/\/alimentacionunani.com\/index.php\/libro-the-healing-powers-of-vinegar\/","title":{"rendered":"The healing powers of vinegar"},"content":{"rendered":"\n\n<h2>The healing powers of vinegar<\/h2>\n\n\n\n\n\n\n\n<p align=\"justify\"><span style=\"color: rgb(0, 0, 0);\"><span>Los poderes curativos del vinagre, es el nombre que da t\u00edtulo a este libro (en ingl\u00e9s).<\/span><span><o:p><\/o:p><\/span><\/span><\/p><span style=\"color: rgb(0, 0, 0);\"><br><\/span><p align=\"justify\"><span style=\"color: rgb(0, 0, 0);\"><span>Esta obra muy completa y actualizada, aborda los m\u00e1s recientes estudios cient\u00edficos y entrevistas con investigadores de la salud para mostrarnos <\/span><strong><span>c\u00f3mo los vinagres de sidra de manzana, vino tinto, as\u00ed como el vinagre bals\u00e1mico entre otros pueden ayudarnos a mantener nuestra salud. <\/span><\/strong><strong><span><o:p><\/o:p><\/span><\/strong><\/span><\/p><p align=\"justify\"><strong><span style=\"color: rgb(0, 0, 0);\"><br><\/span><\/strong><\/p><p align=\"justify\"><span style=\"color: rgb(0, 0, 0);\"><span>Este libro contiene <\/span><strong><span>remedios comprobados<\/span><\/strong><span>&nbsp;para la salud, para el hogar, en la parte cosm\u00e9tica, y hasta para las mascotas. <\/span><span><o:p><\/o:p><\/span><\/span><\/p><span style=\"color: rgb(0, 0, 0);\"><br><\/span><p align=\"justify\"><span style=\"color: rgb(0, 0, 0);\"><span>Se abordan tambi\u00e9n las virtudes culinarias, antioxidantes y terap\u00e9uticas naturales del vinagre, como remedio de salud con una antig\u00fcedad de 5000 a\u00f1os. Desde bebidas a base de vinagre as\u00ed como alimentos condimentados con \u00e9l. <\/span><span><o:p><\/o:p><\/span><\/span><\/p><span style=\"color: rgb(0, 0, 0);\"><br><\/span><p align=\"justify\"><span style=\"color: rgb(0, 0, 0);\"><span>Veremos los <\/span><strong><span>efectos ben\u00e9ficos del vinagre de manzana en enfermedades card\u00edacas, diabetes, obesidad, c\u00e1ncer y p\u00e9rdida de masa \u00f3sea<\/span><\/strong><span>. Descubriremos como el \u00e1cido ac\u00e9tico del vinagre mata <\/span><strong><span>bacterias<\/span><\/strong><span>&nbsp;y puede ayudar a prevenir enfermedades como la tuberculosis y a combatir a las \u201csuperbacterias\u201d resistentes a los antibi\u00f3ticos. <\/span><span><o:p><\/o:p><\/span><\/span><\/p><span style=\"color: rgb(0, 0, 0);\"><br><\/span><p align=\"justify\"><span style=\"color: rgb(0, 0, 0);\"><span>Aprenderemos a preparar remedios caseros para tratar alergias, artritis, dolor de muelas, quemaduras solares, problemas de o\u00eddos, dolor de garganta, entre otras dolencias. <\/span><span><o:p><\/o:p><\/span><\/span><\/p><span style=\"color: rgb(0, 0, 0);\"><br><\/span><p align=\"justify\"><span style=\"color: rgb(0, 0, 0);\"><span>Una gu\u00eda muy completa sobre el vinagre que debemos tener siempre a la mano. Es una obra esencial sobre este maravilloso producto natural. <\/span><span><o:p><\/o:p><\/span><\/span><\/p><span style=\"color: rgb(0, 0, 0);\"><br><\/span><p align=\"justify\"><span style=\"color: rgb(0, 0, 0);\"><span>The Healing Powers of Vinegar<\/span><span><o:p><\/o:p><\/span><\/span><\/p><p align=\"justify\"><span style=\"color: rgb(0, 0, 0);\"><span>Autor: Cal Orey<\/span><span><o:p><\/o:p><\/span><\/span><\/p><p><span style=\"color: rgb(0, 0, 0);\">A\u00f1o: 2000<\/span><\/p>\n\n\n\n","protected":false},"excerpt":{"rendered":"","protected":false},"author":1,"featured_media":0,"parent":0,"menu_order":0,"comment_status":"closed","ping_status":"closed","template":"","meta":{"footnotes":""},"class_list":["post-2758","page","type-page","status-publish","hentry"],"_links":{"self":[{"href":"https:\/\/alimentacionunani.com\/index.php\/wp-json\/wp\/v2\/pages\/2758","targetHints":{"allow":["GET"]}}],"collection":[{"href":"https:\/\/alimentacionunani.com\/index.php\/wp-json\/wp\/v2\/pages"}],"about":[{"href":"https:\/\/alimentacionunani.com\/index.php\/wp-json\/wp\/v2\/types\/page"}],"author":[{"embeddable":true,"href":"https:\/\/alimentacionunani.com\/index.php\/wp-json\/wp\/v2\/users\/1"}],"replies":[{"embeddable":true,"href":"https:\/\/alimentacionunani.com\/index.php\/wp-json\/wp\/v2\/comments?post=2758"}],"version-history":[{"count":5,"href":"https:\/\/alimentacionunani.com\/index.php\/wp-json\/wp\/v2\/pages\/2758\/revisions"}],"predecessor-version":[{"id":3013,"href":"https:\/\/alimentacionunani.com\/index.php\/wp-json\/wp\/v2\/pages\/2758\/revisions\/3013"}],"wp:attachment":[{"href":"https:\/\/alimentacionunani.com\/index.php\/wp-json\/wp\/v2\/media?parent=2758"}],"curies":[{"name":"wp","href":"https:\/\/api.w.org\/{rel}","templated":true}]}}