{"id":2746,"date":"2021-04-30T01:42:49","date_gmt":"2021-04-30T01:42:49","guid":{"rendered":"https:\/\/alimentacionunani.com\/?page_id=2746"},"modified":"2021-06-06T00:46:07","modified_gmt":"2021-06-06T00:46:07","slug":"libro-the-honey-prescription","status":"publish","type":"page","link":"https:\/\/alimentacionunani.com\/index.php\/libro-the-honey-prescription\/","title":{"rendered":"The honey prescription"},"content":{"rendered":"\n\n<h2>The honey prescription<\/h2>\n\n\n\n\n\n\n\n<p align=\"justify\"><span style=\"color: rgb(0, 0, 0);\"><span>La prescripci\u00f3n de la miel: el asombroso poder de la miel como medicina, es la traducci\u00f3n al espa\u00f1ol del t\u00edtulo de este libro dedicado al tema de la miel. <\/span><span><o:p><\/o:p><\/span><\/span><\/p><span style=\"color: rgb(0, 0, 0);\"><br><\/span><p align=\"justify\"><span style=\"color: rgb(0, 0, 0);\"><span>Esta obra explora las m\u00e1s recientes investigaciones cient\u00edficas sobre <\/span><strong><span>los poderes curativo de la miel<\/span><\/strong><span>. Nos explica las razones fisiol\u00f3gicas por las que la miel es tan eficaz e incluye <\/span><strong><span>recetas de remedios a base de miel<\/span><\/strong><span>&nbsp;para muchas dolencias distintas, desde quemaduras, \u00falceras, conjuntivitis, caries, diabetes, fibrosis y m\u00e1s. <\/span><span><o:p><\/o:p><\/span><\/span><\/p><span style=\"color: rgb(0, 0, 0);\"><br><\/span><p align=\"justify\"><span style=\"color: rgb(0, 0, 0);\"><span>Se aborda tambi\u00e9n un aspecto poco tratado sobre la miel: es excelente como tratamiento de enfermedades resistentes a los antibi\u00f3ticos sin provocar efectos secundarios, teniendo una extraordinaria capacidad para matar \u201csuperbacterias\u201d como E.Coli y Estafilococos aureus resistente a la penicilina. <\/span><span><o:p><\/o:p><\/span><\/span><\/p><span style=\"color: rgb(0, 0, 0);\"><br><\/span><p align=\"justify\"><span style=\"color: rgb(0, 0, 0);\"><span>Se analiza el papel sagrado de las abejas desde el antiguo Egipto hasta los tiempos modernos. El uso de la miel como agente curativo no es nuevo, era un ingrediente utilizado en compuestos medicinales por m\u00e9dicos tradicionales desde hace 5000 a\u00f1os, su uso se ha encontrado en pr\u00e1cticas m\u00e9dicas antiguas desde la medicina tradicional china, el ayurveda de India, hasta el chamanismo maya. Es en los \u00faltimos a\u00f1os que se han incrementado las investigaciones cient\u00edficas sobre la miel, por lo que quiz\u00e1s habr\u00e1 en el futuro m\u00e1s hallazgos de efectos ben\u00e9ficos de la miel en la salud. <\/span><span><o:p><\/o:p><\/span><\/span><\/p><span style=\"color: rgb(0, 0, 0);\"><br><\/span><p align=\"justify\"><span style=\"color: rgb(0, 0, 0);\"><span>Un libro sumamente importante para todos aquellos que queremos profundizar en el tema de la miel, un n\u00e9ctar delicioso y medicinal. Aunque el libro est\u00e1 editado solamente en ingl\u00e9s, por su informaci\u00f3n valiosa, lo recomendamos ampliamente. <\/span><span><o:p><\/o:p><\/span><\/span><\/p><span style=\"color: rgb(0, 0, 0);\"><br><\/span><p align=\"justify\"><span style=\"color: rgb(0, 0, 0);\"><span>The Honey Prescription: the amazing power of honey as medicine<\/span><span><o:p><\/o:p><\/span><\/span><\/p><p align=\"justify\"><span style=\"color: rgb(0, 0, 0);\"><span>Autor: Nathaniel Altman <\/span><span><o:p><\/o:p><\/span><\/span><\/p><p align=\"justify\"><span style=\"color: rgb(0, 0, 0);\">A\u00f1o: 2010<\/span><span><o:p><\/o:p><\/span><\/p>\n\n\n\n","protected":false},"excerpt":{"rendered":"","protected":false},"author":1,"featured_media":0,"parent":0,"menu_order":0,"comment_status":"closed","ping_status":"closed","template":"","meta":{"footnotes":""},"class_list":["post-2746","page","type-page","status-publish","hentry"],"_links":{"self":[{"href":"https:\/\/alimentacionunani.com\/index.php\/wp-json\/wp\/v2\/pages\/2746","targetHints":{"allow":["GET"]}}],"collection":[{"href":"https:\/\/alimentacionunani.com\/index.php\/wp-json\/wp\/v2\/pages"}],"about":[{"href":"https:\/\/alimentacionunani.com\/index.php\/wp-json\/wp\/v2\/types\/page"}],"author":[{"embeddable":true,"href":"https:\/\/alimentacionunani.com\/index.php\/wp-json\/wp\/v2\/users\/1"}],"replies":[{"embeddable":true,"href":"https:\/\/alimentacionunani.com\/index.php\/wp-json\/wp\/v2\/comments?post=2746"}],"version-history":[{"count":6,"href":"https:\/\/alimentacionunani.com\/index.php\/wp-json\/wp\/v2\/pages\/2746\/revisions"}],"predecessor-version":[{"id":3023,"href":"https:\/\/alimentacionunani.com\/index.php\/wp-json\/wp\/v2\/pages\/2746\/revisions\/3023"}],"wp:attachment":[{"href":"https:\/\/alimentacionunani.com\/index.php\/wp-json\/wp\/v2\/media?parent=2746"}],"curies":[{"name":"wp","href":"https:\/\/api.w.org\/{rel}","templated":true}]}}