{"id":2726,"date":"2021-04-30T01:27:38","date_gmt":"2021-04-30T01:27:38","guid":{"rendered":"https:\/\/alimentacionunani.com\/?page_id=2726"},"modified":"2021-06-06T00:46:48","modified_gmt":"2021-06-06T00:46:48","slug":"libro-el-codigo-de-la-diabetes","status":"publish","type":"page","link":"https:\/\/alimentacionunani.com\/index.php\/libro-el-codigo-de-la-diabetes\/","title":{"rendered":"El c\u00f3digo de la diabetes"},"content":{"rendered":"\n\n<h2>El c\u00f3digo de la diabetes<\/h2>\n\n\n\n\n\n\n\n\n<p><span style=\"color: rgb(0, 0, 0);\"><span>Otro excelente libro del Dr. Jason Fung, que desde el t\u00edtulo pone de manifiesto que la diabetes tipo 2 es curable. <\/span><span><o:p><\/o:p><\/span><\/span><\/p><span style=\"color: rgb(0, 0, 0);\"><br><\/span><p align=\"justify\"><span style=\"color: rgb(0, 0, 0);\"><span>El C\u00f3digo de la Diabetes es un libro muy completo, donde el autor nos explica sus efectos en el cuerpo, el papel que la insulina juega en esta condici\u00f3n y sobre todo nos explica el porqu\u00e9 <\/span><strong><span>la resistencia a la insulina<\/span><\/strong><span>&nbsp;(\u00edntimamente relacionada a la obesidad) es tambi\u00e9n <\/span><strong><span>factor principal en su aparici\u00f3n y desarrollo. <\/span><\/strong><strong><span><o:p><\/o:p><\/span><\/strong><\/span><\/p><p align=\"justify\"><strong><span style=\"color: rgb(0, 0, 0);\"><br><\/span><\/strong><\/p><p align=\"justify\"><span style=\"color: rgb(0, 0, 0);\"><span>Es desde esta perspectiva hormonal que el Dr. Fung nos ofrece el tratamiento adecuado para revertir la diabetes tipo 2. Nos dice claramente: \u201cla diabetes es un trastorno alimentario, por lo tanto no se pueden utilizar medicamentos para curar una enfermedad que es de origen alimentario\u201d. <\/span><span><o:p><\/o:p><\/span><\/span><\/p><span style=\"color: rgb(0, 0, 0);\"><br><\/span><p align=\"justify\"><span style=\"color: rgb(0, 0, 0);\"><span>Pone de relieve c\u00f3mo los actuales tratamientos para la diabetes: insulina y medicamentos hipoglucemiantes, no curan esta condici\u00f3n, si no muy por el contrario hacen que la enfermedad persista e incluso empeoran el problema. <\/span><span><o:p><\/o:p><\/span><\/span><\/p><span style=\"color: rgb(0, 0, 0);\"><br><\/span><p align=\"justify\"><span style=\"color: rgb(0, 0, 0);\"><span>Y nos presenta una serie de acciones y estrategias para realmente llevar al cuerpo a un estado hormonal adecuado donde se pueda revertir la diabetes, de forma permanente, a trav\u00e9s de una <\/span><strong><span>alimentaci\u00f3n adecuada<\/span><\/strong><span>&nbsp;(el autor nos da los lineamientos, recomendaciones y ejemplos de comidas) y del <\/span><strong><span>ayuno intermitente<\/span><\/strong><span>&nbsp;(explica como es, como se hace, que tipo de ayuno nos conviene y nos da ejemplos) podremos llevar al cuerpo al estado hormonal deseado: niveles de glucosa estables, pero sobre todo niveles de insulina bajos. &nbsp;<\/span><span><o:p><\/o:p><\/span><\/span><\/p><span style=\"color: rgb(0, 0, 0);\"><br><\/span><p align=\"justify\"><span style=\"color: rgb(0, 0, 0);\"><span>Apoyado con diversos estudios cient\u00edficos y su propia experiencia tratando una gran cantidad de pacientes antes diab\u00e9ticos y que ahora no lo son, con su programa Gesti\u00f3n Intensiva de la Dieta, el Dr. Fung nos presenta en este libro un tratamiento sumamente efectivo para que aquellos que son diab\u00e9ticos, puedan a trav\u00e9s de la dieta y el ayuno, <\/span><strong><span>revertir por completo y para siempre esta condici\u00f3n<\/span><\/strong><span>. <\/span><span><o:p><\/o:p><\/span><\/span><\/p><span style=\"color: rgb(0, 0, 0);\"><br><\/span><p align=\"justify\"><span style=\"color: rgb(0, 0, 0);\"><span>El C\u00f3digo de la Diabetes<\/span><span><o:p><\/o:p><\/span><\/span><\/p><p align=\"justify\"><span style=\"color: rgb(0, 0, 0);\"><span>Autor: Dr. Jason Fung<\/span><span><o:p><\/o:p><\/span><\/span><\/p><p align=\"justify\"><span style=\"color: rgb(0, 0, 0);\">A\u00f1o: 2018<\/span><span><o:p><\/o:p><\/span><\/p>\n\n\n\n","protected":false},"excerpt":{"rendered":"","protected":false},"author":1,"featured_media":0,"parent":0,"menu_order":0,"comment_status":"closed","ping_status":"closed","template":"","meta":{"footnotes":""},"class_list":["post-2726","page","type-page","status-publish","hentry"],"_links":{"self":[{"href":"https:\/\/alimentacionunani.com\/index.php\/wp-json\/wp\/v2\/pages\/2726","targetHints":{"allow":["GET"]}}],"collection":[{"href":"https:\/\/alimentacionunani.com\/index.php\/wp-json\/wp\/v2\/pages"}],"about":[{"href":"https:\/\/alimentacionunani.com\/index.php\/wp-json\/wp\/v2\/types\/page"}],"author":[{"embeddable":true,"href":"https:\/\/alimentacionunani.com\/index.php\/wp-json\/wp\/v2\/users\/1"}],"replies":[{"embeddable":true,"href":"https:\/\/alimentacionunani.com\/index.php\/wp-json\/wp\/v2\/comments?post=2726"}],"version-history":[{"count":7,"href":"https:\/\/alimentacionunani.com\/index.php\/wp-json\/wp\/v2\/pages\/2726\/revisions"}],"predecessor-version":[{"id":3024,"href":"https:\/\/alimentacionunani.com\/index.php\/wp-json\/wp\/v2\/pages\/2726\/revisions\/3024"}],"wp:attachment":[{"href":"https:\/\/alimentacionunani.com\/index.php\/wp-json\/wp\/v2\/media?parent=2726"}],"curies":[{"name":"wp","href":"https:\/\/api.w.org\/{rel}","templated":true}]}}