{"id":2542,"date":"2021-04-21T21:39:22","date_gmt":"2021-04-21T21:39:22","guid":{"rendered":"https:\/\/alimentacionunani.com\/?page_id=2542"},"modified":"2021-05-09T23:47:41","modified_gmt":"2021-05-09T23:47:41","slug":"sales-de-schussler","status":"publish","type":"page","link":"https:\/\/alimentacionunani.com\/index.php\/sales-de-schussler\/","title":{"rendered":"Sales de Sch\u00fcssler"},"content":{"rendered":"\n\n<h2>Sales de Sch\u00fcssler\n\n\n<\/h2>\n\n\n\n\n\n<p style=\"text-align: left;\"><span style=\"font-family: Poppins, sans-serif; font-size: 16px; text-align: center; color: rgb(0, 0, 0);\">Sales Sch\u00fcsslerianas 6x marca Hasler \n<\/span><\/p>\n\n\n<p><span style=\"font-size: 19px; color: rgb(0, 0, 0);\">Las sales de Sch\u00fcssler son sales minerales en preparaci\u00f3n homeop\u00e1tica. Son tambi\u00e9n un complemento a nuestra alimentaci\u00f3n unani y se recomiendan tomar el conjunto de las 12 sales, que en este caso se denomina sales sch\u00fcsslerianas, ya que contiene en una sola tableta las 12 sales juntas.&nbsp;<\/span><\/p><p><span style=\"font-size: 19px; color: rgb(0, 0, 0);\"><br><\/span><\/p><p><span style=\"font-size: 19px; color: rgb(0, 0, 0);\">Entre los beneficios que nos aportan, est\u00e1 el estimular o restaurar diversas funciones corporales y corregir trastornos en nuestro organismo. Dependiendo de cada sal, hay un efecto en zonas y sistemas muy puntuales de nuestro cuerpo (sistema oseo, cerebro, m\u00fasculos , piel, etc.) al tomar las 12 sales juntas tenemos todos estos beneficios en una sola tableta.<\/span><\/p><p><span style=\"font-size: 19px; color: rgb(0, 0, 0);\"><br><\/span><\/p><p><span style=\"font-size: 19px; color: rgb(0, 0, 0);\">La toma y v\u00eda de absorci\u00f3n es mediante la mucosa oral, por lo que de esta manera se absorben f\u00e1cilmente. \n<\/span><\/p>\n\n\n","protected":false},"excerpt":{"rendered":"","protected":false},"author":1,"featured_media":0,"parent":0,"menu_order":0,"comment_status":"closed","ping_status":"closed","template":"","meta":{"footnotes":""},"class_list":["post-2542","page","type-page","status-publish","hentry"],"_links":{"self":[{"href":"https:\/\/alimentacionunani.com\/index.php\/wp-json\/wp\/v2\/pages\/2542","targetHints":{"allow":["GET"]}}],"collection":[{"href":"https:\/\/alimentacionunani.com\/index.php\/wp-json\/wp\/v2\/pages"}],"about":[{"href":"https:\/\/alimentacionunani.com\/index.php\/wp-json\/wp\/v2\/types\/page"}],"author":[{"embeddable":true,"href":"https:\/\/alimentacionunani.com\/index.php\/wp-json\/wp\/v2\/users\/1"}],"replies":[{"embeddable":true,"href":"https:\/\/alimentacionunani.com\/index.php\/wp-json\/wp\/v2\/comments?post=2542"}],"version-history":[{"count":3,"href":"https:\/\/alimentacionunani.com\/index.php\/wp-json\/wp\/v2\/pages\/2542\/revisions"}],"predecessor-version":[{"id":2841,"href":"https:\/\/alimentacionunani.com\/index.php\/wp-json\/wp\/v2\/pages\/2542\/revisions\/2841"}],"wp:attachment":[{"href":"https:\/\/alimentacionunani.com\/index.php\/wp-json\/wp\/v2\/media?parent=2542"}],"curies":[{"name":"wp","href":"https:\/\/api.w.org\/{rel}","templated":true}]}}