{"id":2536,"date":"2021-04-21T21:37:08","date_gmt":"2021-04-21T21:37:08","guid":{"rendered":"https:\/\/alimentacionunani.com\/?page_id=2536"},"modified":"2021-05-14T23:23:31","modified_gmt":"2021-05-14T23:23:31","slug":"alga-espirulina","status":"publish","type":"page","link":"https:\/\/alimentacionunani.com\/index.php\/alga-espirulina\/","title":{"rendered":"Alga Espirulina"},"content":{"rendered":"\n\n<h2>Alga Espirulina\n\n<\/h2>\n\n\n\n\n\n<p style=\"text-align: left;\"><span style=\"font-family: Poppins, sans-serif; font-size: 16px; text-align: center; color: rgb(0, 0, 0);\">Alga espirulina 250g<\/span><\/p>\n\n\n<p><span style=\"font-size: 19px; color: rgb(0, 0, 0);\">El alga espirulina es uno de los complementos recomendados dentro de la alimentaci\u00f3n unani. Al ser un alga marina es rica en oligoelementos, de gran importancia para nuestra adecuada nutrici\u00f3n ya que los oligoelementos son los micronutrientes esenciales para el correcto funcionamiento de nuestro organismo.&nbsp;<\/span><\/p><p><span style=\"font-size: 19px; color: rgb(0, 0, 0);\"><br><\/span><\/p><p><span style=\"font-size: 19px; color: rgb(0, 0, 0);\">El alga espirulina adem\u00e1s es una rica fuente de amino\u00e1cidos de gran calidad (amino\u00e1cidos esenciales, los contiene todos, haci\u00e9ndola una prote\u00edna completa), de betacaroteno y de clorofila que le da ese caracter\u00edstico color verde a esta alga. Tiene adem\u00e1s un excelente aporte de \u00e1cidos grasos esenciales, vitaminas del complejo B, calcio, magnesio, enzimas y antioxidantes.&nbsp;<\/span><\/p><p><span style=\"font-size: 19px; color: rgb(0, 0, 0);\"><br><\/span><\/p><p><span style=\"font-size: 19px; color: rgb(0, 0, 0);\">Entre sus beneficios se encuentran el fortalecimiento del sistema inmune, mejora la calidad de nuestra sangre, fortalecimiento del cabello, las u\u00f1as y la piel, es un gran desintoxicante e incluso ayuda a los calambres, entro otras propiedades.<\/span><\/p><p><span style=\"font-size: 19px; color: rgb(0, 0, 0);\"><br><\/span><\/p><p><span style=\"font-size: 19px; color: rgb(0, 0, 0);\">Tambi\u00e9n podemos consumir alga clorela, que tambi\u00e9n nos aporta nutrientes y beneficios similares. Esta presentaci\u00f3n de alga espirulina es de gran calidad, dosis adecuada y al ser comprimido nos aseguramos de obtener el ingrediente puro.  \n<\/span><\/p>\n\n\n\n","protected":false},"excerpt":{"rendered":"","protected":false},"author":1,"featured_media":0,"parent":0,"menu_order":0,"comment_status":"closed","ping_status":"closed","template":"","meta":{"footnotes":""},"class_list":["post-2536","page","type-page","status-publish","hentry"],"_links":{"self":[{"href":"https:\/\/alimentacionunani.com\/index.php\/wp-json\/wp\/v2\/pages\/2536","targetHints":{"allow":["GET"]}}],"collection":[{"href":"https:\/\/alimentacionunani.com\/index.php\/wp-json\/wp\/v2\/pages"}],"about":[{"href":"https:\/\/alimentacionunani.com\/index.php\/wp-json\/wp\/v2\/types\/page"}],"author":[{"embeddable":true,"href":"https:\/\/alimentacionunani.com\/index.php\/wp-json\/wp\/v2\/users\/1"}],"replies":[{"embeddable":true,"href":"https:\/\/alimentacionunani.com\/index.php\/wp-json\/wp\/v2\/comments?post=2536"}],"version-history":[{"count":6,"href":"https:\/\/alimentacionunani.com\/index.php\/wp-json\/wp\/v2\/pages\/2536\/revisions"}],"predecessor-version":[{"id":2915,"href":"https:\/\/alimentacionunani.com\/index.php\/wp-json\/wp\/v2\/pages\/2536\/revisions\/2915"}],"wp:attachment":[{"href":"https:\/\/alimentacionunani.com\/index.php\/wp-json\/wp\/v2\/media?parent=2536"}],"curies":[{"name":"wp","href":"https:\/\/api.w.org\/{rel}","templated":true}]}}