{"id":2526,"date":"2021-04-21T21:32:48","date_gmt":"2021-04-21T21:32:48","guid":{"rendered":"https:\/\/alimentacionunani.com\/?page_id=2526"},"modified":"2021-05-14T23:22:41","modified_gmt":"2021-05-14T23:22:41","slug":"levadura-de-cerveza","status":"publish","type":"page","link":"https:\/\/alimentacionunani.com\/index.php\/levadura-de-cerveza\/","title":{"rendered":"Levadura de Cerveza"},"content":{"rendered":"\n\n<h2>Levadura de Cerveza\n<\/h2>\n\n\n\n\n\n<p style=\"text-align: left;\"><span style=\"font-family: Poppins, sans-serif; font-size: 16px; text-align: center; color: rgb(0, 0, 0);\">Levadura de Cerveza 600 mg \/ 180 comprimidos\n<\/span><\/p>\n\n\n<p><span style=\"font-size: 19px; color: rgb(0, 0, 0);\">La levadura de cerveza es otro de los probi\u00f3ticos de la alimentaci\u00f3n unani. Es una opci\u00f3n para aquellos que no desean tomar bebidas fermentadas alcoh\u00f3licas (o como en el caso de los ni\u00f1os).&nbsp;<\/span><\/p><p><span style=\"font-size: 19px; color: rgb(0, 0, 0);\"><br><\/span><\/p><p><span style=\"font-size: 19px; color: rgb(0, 0, 0);\">Como su nombre lo indica nos aporta levaduras que ayudan a la salud intestinal, especialmente a la del intestino delgado. Para una flora intestinal alcalina y por tanto un intestino alcalino, la levadura de cerveza es una gran opci\u00f3n.&nbsp;<\/span><\/p><p><span style=\"font-size: 19px; color: rgb(0, 0, 0);\"><br><\/span><\/p><p><span style=\"font-size: 19px; color: rgb(0, 0, 0);\">Esta marca es de buena calidad, y especialmente recomendable, pues los comprimidos son peque\u00f1os y f\u00e1ciles de tomar, ideal para los ni\u00f1os. En forma de comprimidos o tabletas es una muy buena opci\u00f3n a diferencia de la levadura en  polvo que tiene un sabor amargo.   \n<\/span><\/p>\n\n\n\n","protected":false},"excerpt":{"rendered":"","protected":false},"author":1,"featured_media":0,"parent":0,"menu_order":0,"comment_status":"closed","ping_status":"closed","template":"","meta":{"footnotes":""},"class_list":["post-2526","page","type-page","status-publish","hentry"],"_links":{"self":[{"href":"https:\/\/alimentacionunani.com\/index.php\/wp-json\/wp\/v2\/pages\/2526","targetHints":{"allow":["GET"]}}],"collection":[{"href":"https:\/\/alimentacionunani.com\/index.php\/wp-json\/wp\/v2\/pages"}],"about":[{"href":"https:\/\/alimentacionunani.com\/index.php\/wp-json\/wp\/v2\/types\/page"}],"author":[{"embeddable":true,"href":"https:\/\/alimentacionunani.com\/index.php\/wp-json\/wp\/v2\/users\/1"}],"replies":[{"embeddable":true,"href":"https:\/\/alimentacionunani.com\/index.php\/wp-json\/wp\/v2\/comments?post=2526"}],"version-history":[{"count":7,"href":"https:\/\/alimentacionunani.com\/index.php\/wp-json\/wp\/v2\/pages\/2526\/revisions"}],"predecessor-version":[{"id":2913,"href":"https:\/\/alimentacionunani.com\/index.php\/wp-json\/wp\/v2\/pages\/2526\/revisions\/2913"}],"wp:attachment":[{"href":"https:\/\/alimentacionunani.com\/index.php\/wp-json\/wp\/v2\/media?parent=2526"}],"curies":[{"name":"wp","href":"https:\/\/api.w.org\/{rel}","templated":true}]}}