{"id":2521,"date":"2021-04-21T21:29:36","date_gmt":"2021-04-21T21:29:36","guid":{"rendered":"https:\/\/alimentacionunani.com\/?page_id=2521"},"modified":"2021-05-14T23:21:21","modified_gmt":"2021-05-14T23:21:21","slug":"vitamina-c","status":"publish","type":"page","link":"https:\/\/alimentacionunani.com\/index.php\/vitamina-c\/","title":{"rendered":"Vitamina C"},"content":{"rendered":"\n\n<h2>Vitamina C\n<\/h2>\n\n\n\n\n\n<p style=\"text-align: left;\"><span style=\"font-family: Poppins, sans-serif; font-size: 16px; text-align: center; color: rgb(0, 0, 0);\">Vitamina C marca GNC C-1000, 1000mg&nbsp; con 90 tabletas<\/span><\/p>\n\n\n<p><span style=\"font-size: 19px; color: rgb(0, 0, 0);\">La vitamina C es importante dentro de la alimentaci\u00f3n unani para fortalecer nuestro sistema inmune y como un excelente antioxidante.\n&nbsp;<\/span><\/p><p><span style=\"font-size: 19px; color: rgb(0, 0, 0);\">Entre los beneficios de la vitamina C est\u00e1 la formaci\u00f3n de cart\u00edlagos, vasos sangu\u00edneos y m\u00fasculos. Nos protege de los radicales libres . Y un gran beneficio para los que seguimos la alimentaci\u00f3n unani es que el consumo de vitamina C nos ayuda a la correcta absorci\u00f3n del hierro de la carne que consumimos y al adecuado almacenamiento del mismo.&nbsp;<\/span><\/p><p><span style=\"font-size: 19px; color: rgb(0, 0, 0);\"><br><\/span><\/p><p><span style=\"font-size: 19px; color: rgb(0, 0, 0);\">Es un excelente cicatrizante del tubo digestivo en caso de \u00falceras y heridas externas. Tambi\u00e9n tiene beneficios cient\u00edficos comprobados en casos de c\u00e1ncer y enfermedades card\u00edacas.&nbsp;<\/span><\/p><p><span style=\"font-size: 19px; color: rgb(0, 0, 0);\"><br><\/span><\/p><p><span style=\"font-size: 19px; color: rgb(0, 0, 0);\">Esta presentaci\u00f3n que te sugiero es en tabletas de 1 gramo cada una, siendo m\u00e1s f\u00e1cil y pr\u00e1ctico llegar a la dosis necesaria en una o dos tabletas. Esta marca es de muy buena calidad. \n<\/span><\/p>\n\n\n\n","protected":false},"excerpt":{"rendered":"","protected":false},"author":1,"featured_media":0,"parent":0,"menu_order":0,"comment_status":"closed","ping_status":"closed","template":"","meta":{"footnotes":""},"class_list":["post-2521","page","type-page","status-publish","hentry"],"_links":{"self":[{"href":"https:\/\/alimentacionunani.com\/index.php\/wp-json\/wp\/v2\/pages\/2521","targetHints":{"allow":["GET"]}}],"collection":[{"href":"https:\/\/alimentacionunani.com\/index.php\/wp-json\/wp\/v2\/pages"}],"about":[{"href":"https:\/\/alimentacionunani.com\/index.php\/wp-json\/wp\/v2\/types\/page"}],"author":[{"embeddable":true,"href":"https:\/\/alimentacionunani.com\/index.php\/wp-json\/wp\/v2\/users\/1"}],"replies":[{"embeddable":true,"href":"https:\/\/alimentacionunani.com\/index.php\/wp-json\/wp\/v2\/comments?post=2521"}],"version-history":[{"count":5,"href":"https:\/\/alimentacionunani.com\/index.php\/wp-json\/wp\/v2\/pages\/2521\/revisions"}],"predecessor-version":[{"id":2912,"href":"https:\/\/alimentacionunani.com\/index.php\/wp-json\/wp\/v2\/pages\/2521\/revisions\/2912"}],"wp:attachment":[{"href":"https:\/\/alimentacionunani.com\/index.php\/wp-json\/wp\/v2\/media?parent=2521"}],"curies":[{"name":"wp","href":"https:\/\/api.w.org\/{rel}","templated":true}]}}