{"id":2516,"date":"2021-04-21T21:26:23","date_gmt":"2021-04-21T21:26:23","guid":{"rendered":"https:\/\/alimentacionunani.com\/?page_id=2516"},"modified":"2021-05-14T23:20:52","modified_gmt":"2021-05-14T23:20:52","slug":"aceite-de-semilla-de-uva","status":"publish","type":"page","link":"https:\/\/alimentacionunani.com\/index.php\/aceite-de-semilla-de-uva\/","title":{"rendered":"Aceite de Semilla de Uva"},"content":{"rendered":"\n\n<h2>Aceite de Semilla de Uva<\/h2>\n\n\n<\/h2>\n\n\n\n\n\n<p style=\"text-align: left;\"><span style=\"font-family: Poppins, sans-serif; font-size: 16px; text-align: center; color: rgb(0, 0, 0);\">Aceite de semilla de uva marca La Tourangelle 500 ml \n<\/span><\/p>\n\n\n<p><span style=\"font-size: 19px; color: rgb(0, 0, 0);\">El aceite de semilla de uva, es otra de nuestras opciones dentro de la alimentaci\u00f3n unani. Tambi\u00e9n es un aceite para utilizar en crudo o en fr\u00edo, sin calentarlo, en preparaciones como aderezos, vinagretas o as\u00ed directamente sobre carnes o verduras.<\/span><\/p><p><span style=\"font-size: 19px; color: rgb(0, 0, 0);\"><br><\/span><\/p><p><span style=\"font-size: 19px; color: rgb(0, 0, 0);\">El aceite de semilla de uva es un gran aliado de la piel, por su contenido en polifenoles y taninos, y por sus flavonoides es especialmente ben\u00e9fico a nuestro sistema circulatorio y vasos sangu\u00edneos. Dentro de la alimentaci\u00f3n unani esta indicado tambi\u00e9n para ser aplicado en el rostro ayud\u00e1ndonos a las manchas en la piel y al acn\u00e9 y aplicado en las piernas para mejorar v\u00e1rices y circulaci\u00f3n. Aplicar de noche y retirar al comenzar el d\u00eda. No exponernos al sol con el aceite aplicado.&nbsp;<\/span><\/p><p><span style=\"font-size: 19px; color: rgb(0, 0, 0);\"><br><\/span><\/p><p><span style=\"font-size: 19px; color: rgb(0, 0, 0);\">Esta marca es de gran calidad y pureza, est\u00e1 hecho de manera artesanal y prensado en fr\u00edo.\n<\/span><\/p>\n\n\n\n","protected":false},"excerpt":{"rendered":"","protected":false},"author":1,"featured_media":0,"parent":0,"menu_order":0,"comment_status":"closed","ping_status":"closed","template":"","meta":{"footnotes":""},"class_list":["post-2516","page","type-page","status-publish","hentry"],"_links":{"self":[{"href":"https:\/\/alimentacionunani.com\/index.php\/wp-json\/wp\/v2\/pages\/2516","targetHints":{"allow":["GET"]}}],"collection":[{"href":"https:\/\/alimentacionunani.com\/index.php\/wp-json\/wp\/v2\/pages"}],"about":[{"href":"https:\/\/alimentacionunani.com\/index.php\/wp-json\/wp\/v2\/types\/page"}],"author":[{"embeddable":true,"href":"https:\/\/alimentacionunani.com\/index.php\/wp-json\/wp\/v2\/users\/1"}],"replies":[{"embeddable":true,"href":"https:\/\/alimentacionunani.com\/index.php\/wp-json\/wp\/v2\/comments?post=2516"}],"version-history":[{"count":4,"href":"https:\/\/alimentacionunani.com\/index.php\/wp-json\/wp\/v2\/pages\/2516\/revisions"}],"predecessor-version":[{"id":2911,"href":"https:\/\/alimentacionunani.com\/index.php\/wp-json\/wp\/v2\/pages\/2516\/revisions\/2911"}],"wp:attachment":[{"href":"https:\/\/alimentacionunani.com\/index.php\/wp-json\/wp\/v2\/media?parent=2516"}],"curies":[{"name":"wp","href":"https:\/\/api.w.org\/{rel}","templated":true}]}}