{"id":2509,"date":"2021-04-21T21:23:03","date_gmt":"2021-04-21T21:23:03","guid":{"rendered":"https:\/\/alimentacionunani.com\/?page_id=2509"},"modified":"2021-05-14T23:20:35","modified_gmt":"2021-05-14T23:20:35","slug":"aceite-de-aguacate","status":"publish","type":"page","link":"https:\/\/alimentacionunani.com\/index.php\/aceite-de-aguacate\/","title":{"rendered":"Aceite de Aguacate"},"content":{"rendered":"\n\n<h2>Aceite de Aguacate\n\n<\/h2>\n\n\n\n\n\n<p style=\"text-align: left;\"><span style=\"font-family: Poppins, sans-serif; font-size: 16px; text-align: center; color: rgb(0, 0, 0);\">Aceite de aguacate extra virgen marca BNF 510 ml  \n<\/span><\/p>\n\n\n<p><span style=\"font-size: 19px; color: rgb(0, 0, 0);\">El aceite de aguacate es otra de nuestras opciones para cocinar en la alimentaci\u00f3n unani. En este caso el aceite de aguacate debe utilizarse en fr\u00edo o en crudo, es decir no debe ser calentado, ni utilizado para guisar tus alimentos.&nbsp;<\/span><\/p><p><span style=\"font-size: 19px; color: rgb(0, 0, 0);\"><br><\/span><\/p><p><span style=\"font-size: 19px; color: rgb(0, 0, 0);\">La mejor forma de uso es en aderezos y vinagretas, ya sea para carnes, verduras o ensaladas. Aporta un delicioso sabor y es una opci\u00f3n diferente dentro de nuestra alimentaci\u00f3n.&nbsp;<\/span><\/p><p><span style=\"font-size: 19px; color: rgb(0, 0, 0);\"><br><\/span><\/p><p><span style=\"font-size: 19px; color: rgb(0, 0, 0);\">El aguacate y el aceite de aguacate nos aportan adem\u00e1s de grasas buenas de excelente calidad, vitaminas como la A y la E.&nbsp;<\/span><\/p><p><span style=\"font-size: 19px; color: rgb(0, 0, 0);\"><br><\/span><\/p><p><span style=\"font-size: 19px; color: rgb(0, 0, 0);\">Esta presentaci\u00f3n es aceite de aguacate org\u00e1nico y prensado en fr\u00edo. \n\n<\/span><\/p>\n\n\n\n","protected":false},"excerpt":{"rendered":"","protected":false},"author":1,"featured_media":0,"parent":0,"menu_order":0,"comment_status":"closed","ping_status":"closed","template":"","meta":{"footnotes":""},"class_list":["post-2509","page","type-page","status-publish","hentry"],"_links":{"self":[{"href":"https:\/\/alimentacionunani.com\/index.php\/wp-json\/wp\/v2\/pages\/2509","targetHints":{"allow":["GET"]}}],"collection":[{"href":"https:\/\/alimentacionunani.com\/index.php\/wp-json\/wp\/v2\/pages"}],"about":[{"href":"https:\/\/alimentacionunani.com\/index.php\/wp-json\/wp\/v2\/types\/page"}],"author":[{"embeddable":true,"href":"https:\/\/alimentacionunani.com\/index.php\/wp-json\/wp\/v2\/users\/1"}],"replies":[{"embeddable":true,"href":"https:\/\/alimentacionunani.com\/index.php\/wp-json\/wp\/v2\/comments?post=2509"}],"version-history":[{"count":6,"href":"https:\/\/alimentacionunani.com\/index.php\/wp-json\/wp\/v2\/pages\/2509\/revisions"}],"predecessor-version":[{"id":2910,"href":"https:\/\/alimentacionunani.com\/index.php\/wp-json\/wp\/v2\/pages\/2509\/revisions\/2910"}],"wp:attachment":[{"href":"https:\/\/alimentacionunani.com\/index.php\/wp-json\/wp\/v2\/media?parent=2509"}],"curies":[{"name":"wp","href":"https:\/\/api.w.org\/{rel}","templated":true}]}}