{"id":2504,"date":"2021-04-21T20:57:28","date_gmt":"2021-04-21T20:57:28","guid":{"rendered":"https:\/\/alimentacionunani.com\/?page_id=2504"},"modified":"2021-05-14T23:20:08","modified_gmt":"2021-05-14T23:20:08","slug":"aceite-de-coco-organico-extra-virgen","status":"publish","type":"page","link":"https:\/\/alimentacionunani.com\/index.php\/aceite-de-coco-organico-extra-virgen\/","title":{"rendered":"Aceite de Coco Org\u00e1nico Extra Virgen"},"content":{"rendered":"\n\n<h2>Aceite de Coco Org\u00e1nico Extra Virgen\n<\/h2>\n\n\n\n\n\n<p style=\"text-align: left;\"><span style=\"font-family: Poppins, sans-serif; font-size: 16px; text-align: center; color: rgb(0, 0, 0);\">Aceite de coco org\u00e1nico marca NBF 1 litro\n<\/span><\/p>\n\n\n<p><span style=\"font-size: 19px; color: rgb(0, 0, 0);\">El aceite de coco es otra de las grasas principales dentro de la alimentaci\u00f3n unani.&nbsp;<\/span><\/p><p><span style=\"font-size: 19px; color: rgb(0, 0, 0);\"><br><\/span><\/p><p><span style=\"font-size: 19px; color: rgb(0, 0, 0);\">Este aceite es el ideal para cocinar alimentos a altas temperaturas y por m\u00e1s tiempo, como fre\u00edr, hornear o saltear a fuego fuerte. Por su composici\u00f3n puede ser calentado durante m\u00e1s tiempo sin perder sus propiedades.&nbsp;<\/span><\/p><p><span style=\"font-size: 19px; color: rgb(0, 0, 0);\"><br><\/span><\/p><p><span style=\"font-size: 19px; color: rgb(0, 0, 0);\">Nos aporta beneficios a la salud del cerebro por su contenido en \u00e1cidos grasos saturados, es un excelente antibi\u00f3tico, antiviral y antif\u00fangico gracias al \u00e1cido l\u00e1urico que contiene, ayuda a la salud cardiovascular, entre otras propiedades.&nbsp;<\/span><\/p><p><span style=\"font-size: 19px; color: rgb(0, 0, 0);\"><br><\/span><\/p><p><span style=\"font-size: 19px; color: rgb(0, 0, 0);\">Esta marca especialmente es aceite de coco org\u00e1nico, prensado en fr\u00edo, lo cu\u00e1l mantiene sus propiedades. No tiene olor, ni sabor a coco. Excelente alternativa en la alimentaci\u00f3n unani. <\/span><\/p>\n\n\n\n","protected":false},"excerpt":{"rendered":"","protected":false},"author":1,"featured_media":0,"parent":0,"menu_order":0,"comment_status":"closed","ping_status":"closed","template":"","meta":{"footnotes":""},"class_list":["post-2504","page","type-page","status-publish","hentry"],"_links":{"self":[{"href":"https:\/\/alimentacionunani.com\/index.php\/wp-json\/wp\/v2\/pages\/2504","targetHints":{"allow":["GET"]}}],"collection":[{"href":"https:\/\/alimentacionunani.com\/index.php\/wp-json\/wp\/v2\/pages"}],"about":[{"href":"https:\/\/alimentacionunani.com\/index.php\/wp-json\/wp\/v2\/types\/page"}],"author":[{"embeddable":true,"href":"https:\/\/alimentacionunani.com\/index.php\/wp-json\/wp\/v2\/users\/1"}],"replies":[{"embeddable":true,"href":"https:\/\/alimentacionunani.com\/index.php\/wp-json\/wp\/v2\/comments?post=2504"}],"version-history":[{"count":4,"href":"https:\/\/alimentacionunani.com\/index.php\/wp-json\/wp\/v2\/pages\/2504\/revisions"}],"predecessor-version":[{"id":2909,"href":"https:\/\/alimentacionunani.com\/index.php\/wp-json\/wp\/v2\/pages\/2504\/revisions\/2909"}],"wp:attachment":[{"href":"https:\/\/alimentacionunani.com\/index.php\/wp-json\/wp\/v2\/media?parent=2504"}],"curies":[{"name":"wp","href":"https:\/\/api.w.org\/{rel}","templated":true}]}}