{"id":2499,"date":"2021-04-21T20:54:25","date_gmt":"2021-04-21T20:54:25","guid":{"rendered":"https:\/\/alimentacionunani.com\/?page_id=2499"},"modified":"2021-05-14T23:19:46","modified_gmt":"2021-05-14T23:19:46","slug":"aceite-de-oliva-extra-virgen-organico","status":"publish","type":"page","link":"https:\/\/alimentacionunani.com\/index.php\/aceite-de-oliva-extra-virgen-organico\/","title":{"rendered":"Aceite de Oliva Extra Virgen Org\u00e1nico"},"content":{"rendered":"\n\n<h2>Aceite de Oliva Extra Virgen Org\u00e1nico\n<\/h2>\n\n\n\n\n\n<p style=\"text-align: left;\"><span style=\"font-family: Poppins, sans-serif; font-size: 16px; text-align: center; color: rgb(0, 0, 0);\">Aceite de Oliva Org\u00e1nico marca Carapelli 1 Lt <\/span><\/p>\n\n\n<p><span style=\"font-size: 19px; color: rgb(0, 0, 0);\">Mismos beneficios que el aceite de oliva extra virgen.  La diferencia con la presentaci\u00f3n anterior es que este aceite que tambi\u00e9n est\u00e1 prensado en fr\u00edo es org\u00e1nico, lo que asegura una mayor pureza y calidad.&nbsp;<\/span><\/p><p><span style=\"font-size: 19px; color: rgb(0, 0, 0);\"><br><\/span><\/p><p><span style=\"font-size: 19px; color: rgb(0, 0, 0);\">&nbsp;Tiene un gran aroma y sabor. Delicioso y muy recomendable para preparar vinagretas y tomarlo antes de la comida m\u00e1s fuerte.&nbsp;<\/span><\/p><p><span style=\"font-size: 19px; color: rgb(0, 0, 0);\"><br><\/span><\/p><p><span style=\"font-size: 19px; color: rgb(0, 0, 0);\">Como dato importante, siempre que compres un aceite de oliva o cualquiera que est\u00e9 prensado en fr\u00edo (sin calentar) deber\u00e1s buscar que est\u00e9 envasado en botellas de vidrio oscuro, lo que proteger\u00e1 sus propiedades y le dar\u00e1 una vida \u00fatil m\u00e1s larga. Protegi\u00e9ndolo de los rayos UV y evitando que se haga rancio. <\/span><\/p>\n\n\n\n","protected":false},"excerpt":{"rendered":"","protected":false},"author":1,"featured_media":0,"parent":0,"menu_order":0,"comment_status":"closed","ping_status":"closed","template":"","meta":{"footnotes":""},"class_list":["post-2499","page","type-page","status-publish","hentry"],"_links":{"self":[{"href":"https:\/\/alimentacionunani.com\/index.php\/wp-json\/wp\/v2\/pages\/2499","targetHints":{"allow":["GET"]}}],"collection":[{"href":"https:\/\/alimentacionunani.com\/index.php\/wp-json\/wp\/v2\/pages"}],"about":[{"href":"https:\/\/alimentacionunani.com\/index.php\/wp-json\/wp\/v2\/types\/page"}],"author":[{"embeddable":true,"href":"https:\/\/alimentacionunani.com\/index.php\/wp-json\/wp\/v2\/users\/1"}],"replies":[{"embeddable":true,"href":"https:\/\/alimentacionunani.com\/index.php\/wp-json\/wp\/v2\/comments?post=2499"}],"version-history":[{"count":4,"href":"https:\/\/alimentacionunani.com\/index.php\/wp-json\/wp\/v2\/pages\/2499\/revisions"}],"predecessor-version":[{"id":2908,"href":"https:\/\/alimentacionunani.com\/index.php\/wp-json\/wp\/v2\/pages\/2499\/revisions\/2908"}],"wp:attachment":[{"href":"https:\/\/alimentacionunani.com\/index.php\/wp-json\/wp\/v2\/media?parent=2499"}],"curies":[{"name":"wp","href":"https:\/\/api.w.org\/{rel}","templated":true}]}}