{"id":2494,"date":"2021-04-21T20:50:23","date_gmt":"2021-04-21T20:50:23","guid":{"rendered":"https:\/\/alimentacionunani.com\/?page_id=2494"},"modified":"2021-05-09T23:40:48","modified_gmt":"2021-05-09T23:40:48","slug":"aceite-de-oliva-extra-virgen","status":"publish","type":"page","link":"https:\/\/alimentacionunani.com\/index.php\/aceite-de-oliva-extra-virgen\/","title":{"rendered":"Aceite de Oliva Extra Virgen"},"content":{"rendered":"\n\n<h2>Aceite de Oliva Extra Virgen<\/h2>\n\n\n\n\n\n<p style=\"text-align: left;\"><span style=\"font-family: Poppins, sans-serif; font-size: 16px; text-align: center; color: rgb(0, 0, 0);\">Aceite extra virgen marca Carapelli 1 Litro<\/span><\/p>\n\n\n<p><span style=\"font-size: 19px; color: rgb(0, 0, 0);\">Este aceite de oliva extra virgen esta prensado en fr\u00edo, lo que garantiza su pureza y calidad. Tiene un delicioso sabor.&nbsp;<\/span><\/p><p><span style=\"font-size: 19px; color: rgb(0, 0, 0);\"><br><\/span><\/p><p><span style=\"font-size: 19px; color: rgb(0, 0, 0);\">Dentro de la alimentaci\u00f3n unani, el aceite de oliva es una de las grasas principales, lo podemos utilizar para cocinar, para preparar aderezos y vinagretas para carnes, verduras y ensaladas. Es importante no utilizarlo para fre\u00edr, ni sobrecalentarlo, para ello, hay otra variedad de aceites que podemos utilizar dentro de la alimentaci\u00f3n unani.&nbsp;<\/span><\/p><p><span style=\"font-size: 19px; color: rgb(0, 0, 0);\"><br><\/span><\/p><p><span style=\"font-size: 19px; color: rgb(0, 0, 0);\">Excelente consumir una cucharada sopera de aceite de oliva extra virgen antes de la comida m\u00e1s fuerte, preparando a nuestro sistema digestivo para una buena digesti\u00f3n y entre otros beneficios siendo un excelente alcalinizante del intestino, y promoviendo la salud del h\u00edgado y la ves\u00edcula.  <\/span><\/p>\n\n\n","protected":false},"excerpt":{"rendered":"","protected":false},"author":1,"featured_media":0,"parent":0,"menu_order":0,"comment_status":"closed","ping_status":"closed","template":"","meta":{"footnotes":""},"class_list":["post-2494","page","type-page","status-publish","hentry"],"_links":{"self":[{"href":"https:\/\/alimentacionunani.com\/index.php\/wp-json\/wp\/v2\/pages\/2494","targetHints":{"allow":["GET"]}}],"collection":[{"href":"https:\/\/alimentacionunani.com\/index.php\/wp-json\/wp\/v2\/pages"}],"about":[{"href":"https:\/\/alimentacionunani.com\/index.php\/wp-json\/wp\/v2\/types\/page"}],"author":[{"embeddable":true,"href":"https:\/\/alimentacionunani.com\/index.php\/wp-json\/wp\/v2\/users\/1"}],"replies":[{"embeddable":true,"href":"https:\/\/alimentacionunani.com\/index.php\/wp-json\/wp\/v2\/comments?post=2494"}],"version-history":[{"count":3,"href":"https:\/\/alimentacionunani.com\/index.php\/wp-json\/wp\/v2\/pages\/2494\/revisions"}],"predecessor-version":[{"id":2832,"href":"https:\/\/alimentacionunani.com\/index.php\/wp-json\/wp\/v2\/pages\/2494\/revisions\/2832"}],"wp:attachment":[{"href":"https:\/\/alimentacionunani.com\/index.php\/wp-json\/wp\/v2\/media?parent=2494"}],"curies":[{"name":"wp","href":"https:\/\/api.w.org\/{rel}","templated":true}]}}