{"id":2485,"date":"2021-04-21T05:26:30","date_gmt":"2021-04-21T05:26:30","guid":{"rendered":"https:\/\/alimentacionunani.com\/?page_id=2408"},"modified":"2021-05-14T23:18:27","modified_gmt":"2021-05-14T23:18:27","slug":"flor-de-sal-2","status":"publish","type":"page","link":"https:\/\/alimentacionunani.com\/index.php\/flor-de-sal-2\/","title":{"rendered":"Flor de Sal"},"content":{"rendered":"\n\n<h2>Flor de sal<\/h2>\n\n\n\n\n\n<p style=\"text-align: left;\"><span style=\"font-family: Poppins, sans-serif; font-size: 16px; text-align: center; color: rgb(0, 0, 0);\">Flor de sal 500g<\/span><\/p>\n\n\n<span style=\"mso-spacerun:'yes';font-family:Arial;mso-fareast-font-family:'Times New Roman';\nfont-size:12.0000pt;\"><\/span><p><span style=\"font-size: 20px; color: rgb(0, 0, 0);\">Esta sal tambi\u00e9n nos aporta los mismos beneficios en nuestra alimentaci\u00f3n unani.&nbsp;<\/span><\/p><p><span style=\"font-size: 20px; color: rgb(0, 0, 0);\"><br><\/span><\/p><p><span style=\"font-size: 20px; color: rgb(0, 0, 0);\">Esta presentaci\u00f3n es sal de Colima, org\u00e1nica y artesanal. Tambi\u00e9n con una buena cantidad de minerales y oligoelementos, entre ellos magnesio, potasio, calcio, yodo.<\/span><\/p><p><span style=\"font-size: 20px; color: rgb(0, 0, 0);\"><br><\/span><\/p><p><span style=\"font-size: 20px; color: rgb(0, 0, 0);\">La diferencia entre la sal com\u00fan o refinada y la flor de sal, es que est\u00e1 \u00faltima contiene precisamente m\u00e1s oligoelementos y en mayor cantidad y la sal com\u00fan es mayormente cloruro de sodio.&nbsp;<\/span><\/p><p><span style=\"font-size: 20px; color: rgb(0, 0, 0);\"><br><\/span><\/p><p><span style=\"font-size: 20px; color: rgb(0, 0, 0);\">Por lo tanto, es m\u00e1s rica y m\u00e1s nutritiva.&nbsp; Su sabor es m\u00e1s suave y se disuelve con facilidad.<\/span><\/p><span style=\"mso-spacerun:'yes';font-family:Arial;mso-fareast-font-family:'Times New Roman';\nfont-size:12.0000pt;\"><\/span><span style=\"mso-spacerun:'yes';font-family:Arial;mso-fareast-font-family:'Times New Roman';\nfont-size:12.0000pt;\"><o:p><\/o:p><\/span>\n\n\n\n","protected":false},"excerpt":{"rendered":"","protected":false},"author":1,"featured_media":0,"parent":0,"menu_order":0,"comment_status":"closed","ping_status":"closed","template":"","meta":{"footnotes":""},"class_list":["post-2485","page","type-page","status-publish","hentry"],"_links":{"self":[{"href":"https:\/\/alimentacionunani.com\/index.php\/wp-json\/wp\/v2\/pages\/2485","targetHints":{"allow":["GET"]}}],"collection":[{"href":"https:\/\/alimentacionunani.com\/index.php\/wp-json\/wp\/v2\/pages"}],"about":[{"href":"https:\/\/alimentacionunani.com\/index.php\/wp-json\/wp\/v2\/types\/page"}],"author":[{"embeddable":true,"href":"https:\/\/alimentacionunani.com\/index.php\/wp-json\/wp\/v2\/users\/1"}],"replies":[{"embeddable":true,"href":"https:\/\/alimentacionunani.com\/index.php\/wp-json\/wp\/v2\/comments?post=2485"}],"version-history":[{"count":4,"href":"https:\/\/alimentacionunani.com\/index.php\/wp-json\/wp\/v2\/pages\/2485\/revisions"}],"predecessor-version":[{"id":2906,"href":"https:\/\/alimentacionunani.com\/index.php\/wp-json\/wp\/v2\/pages\/2485\/revisions\/2906"}],"wp:attachment":[{"href":"https:\/\/alimentacionunani.com\/index.php\/wp-json\/wp\/v2\/media?parent=2485"}],"curies":[{"name":"wp","href":"https:\/\/api.w.org\/{rel}","templated":true}]}}