{"id":2479,"date":"2021-04-21T05:26:30","date_gmt":"2021-04-21T05:26:30","guid":{"rendered":"https:\/\/alimentacionunani.com\/?page_id=2408"},"modified":"2021-05-14T23:18:00","modified_gmt":"2021-05-14T23:18:00","slug":"sal-del-himalaya","status":"publish","type":"page","link":"https:\/\/alimentacionunani.com\/index.php\/sal-del-himalaya\/","title":{"rendered":"Sal del Himalaya"},"content":{"rendered":"\n\n<h2>Sal del Himalaya\n<\/h2>\n\n\n\n\n\n<p style=\"text-align: left;\"><span style=\"font-family: Poppins, sans-serif; font-size: 16px; text-align: center; color: rgb(0, 0, 0);\">Sal del Himalaya marca Pragn\u00e1 1.9 kg\n\n<\/span><\/p>\n\n\n<span style=\"font-size: 19px; color: rgb(0, 0, 0);\">La sal, nutriente principal dentro de la alimentaci\u00f3n unani, ya sea a trav\u00e9s del suero o en nuestros alimentos. Es b\u00e1sica para mantener el balance correcto de electrolitos en nuestro cuerpo y para una correcta conductividad el\u00e9ctrica.&nbsp;<\/span><div><span style=\"font-size: 19px; color: rgb(0, 0, 0);\"><br><\/span><\/div><div><span style=\"font-size: 19px; color: rgb(0, 0, 0);\">&nbsp;El consumo de sal aporta beneficios a nuestro nivel de energ\u00eda, al cerebro y al coraz\u00f3n, siendo \u00f3rganos el\u00e9ctricos por excelencia de nuestro cuerpo. Al consumir la cantidad de sal correcta evitamos la celulitis, hipertensi\u00f3n, fibromialgia, ca\u00edda de cabello, cansancio, ansiedad, entre otros s\u00edntomas.&nbsp;<\/span><br><span style=\"font-size: 19px; color: rgb(0, 0, 0);\">&nbsp;<\/span><br><span style=\"font-size: 19px; color: rgb(0, 0, 0);\">Recuerda que en la alimentaci\u00f3n unani es importante tanto la adecuada cantidad de sal l\u00edquida (mediante el suero), como la sal s\u00f3lida (en los alimentos) y compensar la sal al consumir otros l\u00edquidos dentro de nuestra alimentaci\u00f3n.&nbsp;<\/span><br><span style=\"font-size: 19px; color: rgb(0, 0, 0);\"><br><\/span><span style=\"font-size: 19px; color: rgb(0, 0, 0);\">La sal del Himalaya, adem\u00e1s de aportarnos el sodio necesario, nos brinda un aporte de 84 oligoelementos o elementos traza, en forma de minerales coloides lo que los hace muy biodisponibles y absorbibles por nuestro organismo.  Ese caracter\u00edstico color rojizo se lo da el hierro contenido en esta sal. <\/span><\/div>\n\n\n\n","protected":false},"excerpt":{"rendered":"","protected":false},"author":1,"featured_media":0,"parent":0,"menu_order":0,"comment_status":"closed","ping_status":"closed","template":"","meta":{"footnotes":""},"class_list":["post-2479","page","type-page","status-publish","hentry"],"_links":{"self":[{"href":"https:\/\/alimentacionunani.com\/index.php\/wp-json\/wp\/v2\/pages\/2479","targetHints":{"allow":["GET"]}}],"collection":[{"href":"https:\/\/alimentacionunani.com\/index.php\/wp-json\/wp\/v2\/pages"}],"about":[{"href":"https:\/\/alimentacionunani.com\/index.php\/wp-json\/wp\/v2\/types\/page"}],"author":[{"embeddable":true,"href":"https:\/\/alimentacionunani.com\/index.php\/wp-json\/wp\/v2\/users\/1"}],"replies":[{"embeddable":true,"href":"https:\/\/alimentacionunani.com\/index.php\/wp-json\/wp\/v2\/comments?post=2479"}],"version-history":[{"count":4,"href":"https:\/\/alimentacionunani.com\/index.php\/wp-json\/wp\/v2\/pages\/2479\/revisions"}],"predecessor-version":[{"id":2905,"href":"https:\/\/alimentacionunani.com\/index.php\/wp-json\/wp\/v2\/pages\/2479\/revisions\/2905"}],"wp:attachment":[{"href":"https:\/\/alimentacionunani.com\/index.php\/wp-json\/wp\/v2\/media?parent=2479"}],"curies":[{"name":"wp","href":"https:\/\/api.w.org\/{rel}","templated":true}]}}