{"id":2467,"date":"2021-04-20T06:04:34","date_gmt":"2021-04-20T06:04:34","guid":{"rendered":"http:\/\/alimentacionunani.com\/index.php\/programs\/"},"modified":"2021-05-20T23:00:40","modified_gmt":"2021-05-20T23:00:40","slug":"nutrientes-y-complementos","status":"publish","type":"page","link":"https:\/\/alimentacionunani.com\/index.php\/nutrientes-y-complementos\/","title":{"rendered":"Nutrientes y Complementos"},"content":{"rendered":"\n\n\n<h2>Nutrientes <\/h2>\n\n<p><span style=\"font-size: 19px; color: rgb(0, 0, 0);\">A continuaci\u00f3n te presento algunas opciones de nutrientes y alimentos que son b\u00e1sicos en tu alimentaci\u00f3n unani. Debes tenerlos siempre a la mano y dentro de tu despensa. Recuerda que en este sistema de alimentaci\u00f3n se promueve el uso de la sal, la miel, el vinagre, las grasas buenas, entre otros.<\/span><\/p><p><span style=\"font-size: 19px; color: rgb(0, 0, 0);\"><br><\/span><\/p><p><span style=\"font-size: 19px; color: rgb(0, 0, 0);\">Las siguientes recomendaciones son 100% y totalmente permitidas dentro de la alimentaci\u00f3n unani.<\/span><\/p>\n\n\n\n\n\n\n<h3>Vinagre de Manzana<\/h3>\n\n\n\n\n\n<h3>Bicarbonato de sodio<\/h3>\n\n\n\n\n<h3>Vinagre de Manzana con miel<\/h3>\n\n\n\n\n\n<h3>Miel Natural de abeja<\/h3>\n\n\n\n\n\n\n\n\n\n\n\n<h3>Sal del Himalaya\n<\/h3>\n\n\n\n\n<h3>Flor de Sal<\/h3>\n\n\n\n\n<h3>Sal Ahumada<\/h3>\n\n\n\n\n\n<h3>Aceite de Oliva Extra Virgen<\/h3>\n\n\n\n\n\n\n\n\n\n\n\n<h3>Aceite de Oliva Extra Virgen Org\u00e1nico<\/h3>\n\n\n\n\n<h3>Aceite de Coco Org\u00e1nico Extra Virgen<\/h3>\n\n\n\n\n\n<h3>Aceite de Aguacate<\/h3>\n\n\n\n\n\n<h3>Aceite de Semilla de Uva\n<\/h3>\n\n\n\n\n\n\n\n\n\n\n\n\n<h3>Vitamina C<\/h3>\n\n\n\n\n<h3>Levadura de Cerveza\n<\/h3>\n\n\n\n\n<h3>Harina de Ma\u00edz Nixtamalizado\n<\/h3>\n\n\n\n\n\n\n<h2>Complementos<\/h2>\n\n\n\n\n<p><span style=\"font-family: &quot;Source Sans Pro&quot;; font-size: 16px; color: rgb(0, 0, 0);\"><span style=\"font-size: 19px;\">Las siguientes son opciones recomendables, pero no obligatorias si deseas complementar un poco m\u00e1s tu alimentaci\u00f3n unani. Estas recomendaciones son especialmente de minerales, amino\u00e1cidos y oligoelementos que podemos tomar para apoyar un poco m\u00e1s nuestra toma de nutrientes.&nbsp; Esto es opcional.<\/span><\/span><\/p>\n\n\n\n\n\n\n<h3>Alga Espirulina\n<\/h3>\n\n\n\n\n<h3>Sales de Sch\u00fcssler<\/h3>\n\n\n\n\n\n<h3>Sales de Sch\u00fcssler\n\n<\/h3>\n\n\n\n","protected":false},"excerpt":{"rendered":"","protected":false},"author":1,"featured_media":0,"parent":0,"menu_order":0,"comment_status":"closed","ping_status":"closed","template":"","meta":{"footnotes":""},"class_list":["post-2467","page","type-page","status-publish","hentry"],"_links":{"self":[{"href":"https:\/\/alimentacionunani.com\/index.php\/wp-json\/wp\/v2\/pages\/2467","targetHints":{"allow":["GET"]}}],"collection":[{"href":"https:\/\/alimentacionunani.com\/index.php\/wp-json\/wp\/v2\/pages"}],"about":[{"href":"https:\/\/alimentacionunani.com\/index.php\/wp-json\/wp\/v2\/types\/page"}],"author":[{"embeddable":true,"href":"https:\/\/alimentacionunani.com\/index.php\/wp-json\/wp\/v2\/users\/1"}],"replies":[{"embeddable":true,"href":"https:\/\/alimentacionunani.com\/index.php\/wp-json\/wp\/v2\/comments?post=2467"}],"version-history":[{"count":18,"href":"https:\/\/alimentacionunani.com\/index.php\/wp-json\/wp\/v2\/pages\/2467\/revisions"}],"predecessor-version":[{"id":2967,"href":"https:\/\/alimentacionunani.com\/index.php\/wp-json\/wp\/v2\/pages\/2467\/revisions\/2967"}],"wp:attachment":[{"href":"https:\/\/alimentacionunani.com\/index.php\/wp-json\/wp\/v2\/media?parent=2467"}],"curies":[{"name":"wp","href":"https:\/\/api.w.org\/{rel}","templated":true}]}}