{"id":2429,"date":"2021-04-21T05:26:30","date_gmt":"2021-04-21T05:26:30","guid":{"rendered":"https:\/\/alimentacionunani.com\/?page_id=2408"},"modified":"2021-05-14T23:17:35","modified_gmt":"2021-05-14T23:17:35","slug":"miel-de-abeja","status":"publish","type":"page","link":"https:\/\/alimentacionunani.com\/index.php\/miel-de-abeja\/","title":{"rendered":"Miel de abeja"},"content":{"rendered":"\n\n<h2>Miel de abeja<\/h2>\n\n\n\n\n\n<p style=\"text-align: left;\"><span style=\"font-family: Poppins, sans-serif; font-size: 16px; text-align: center; color: rgb(0, 0, 0);\">Miel pura de abeja marca MexiMiel 1.1 kg<\/span><\/p>\n\n\n<p><span style=\"font-size: 19px; color: rgb(0, 0, 0);\">La miel: alimento y medicina dentro de la alimentaci\u00f3n unani. La miel es un gran nutriente, ya que contiene amino\u00e1cidos por ser un producto animal hecho por las abejas, tiene \u00e1cidos org\u00e1nicos, muy escasos en la dieta actual (\u00e1cido glut\u00e1mico, \u00e1cido f\u00f3rmico, \u00e1cido tart\u00e1rico), contiene az\u00facares muy digeribles (monosac\u00e1ridos y disac\u00e1ridos). Adem\u00e1s de su rico contenido en vitaminas y minerales.&nbsp;\n\n<\/span><\/p><p><span style=\"font-size: 19px; color: rgb(0, 0, 0);\"><br><\/span><\/p><p><span style=\"font-size: 19px; color: rgb(0, 0, 0);\">Entre sus beneficios en la alimentaci\u00f3n unani destaca su efecto regulador de la insulina y el glucag\u00f3n, teniendo un efecto de alguna forma adapt\u00f3geno, baja el az\u00facar cuando esta elevada (hipoglicemiante) y la sube cuando est\u00e1 baja. Adem\u00e1s es mil veces m\u00e1s nutritiva que la fruta.&nbsp;<\/span><\/p><p><span style=\"font-size: 19px; color: rgb(0, 0, 0);\">&nbsp;<\/span><\/p><p><span style=\"font-size: 19px; color: rgb(0, 0, 0);\">Esta marca te la recomiendo mucho, es miel de excelente calidad, pura y sin calentar. De excelente sabor. Manejan miel multifloral, de mezquite y de azahar.<\/span>  <\/p>\n\n\n\n","protected":false},"excerpt":{"rendered":"","protected":false},"author":1,"featured_media":0,"parent":0,"menu_order":0,"comment_status":"closed","ping_status":"closed","template":"","meta":{"footnotes":""},"class_list":["post-2429","page","type-page","status-publish","hentry"],"_links":{"self":[{"href":"https:\/\/alimentacionunani.com\/index.php\/wp-json\/wp\/v2\/pages\/2429","targetHints":{"allow":["GET"]}}],"collection":[{"href":"https:\/\/alimentacionunani.com\/index.php\/wp-json\/wp\/v2\/pages"}],"about":[{"href":"https:\/\/alimentacionunani.com\/index.php\/wp-json\/wp\/v2\/types\/page"}],"author":[{"embeddable":true,"href":"https:\/\/alimentacionunani.com\/index.php\/wp-json\/wp\/v2\/users\/1"}],"replies":[{"embeddable":true,"href":"https:\/\/alimentacionunani.com\/index.php\/wp-json\/wp\/v2\/comments?post=2429"}],"version-history":[{"count":5,"href":"https:\/\/alimentacionunani.com\/index.php\/wp-json\/wp\/v2\/pages\/2429\/revisions"}],"predecessor-version":[{"id":2904,"href":"https:\/\/alimentacionunani.com\/index.php\/wp-json\/wp\/v2\/pages\/2429\/revisions\/2904"}],"wp:attachment":[{"href":"https:\/\/alimentacionunani.com\/index.php\/wp-json\/wp\/v2\/media?parent=2429"}],"curies":[{"name":"wp","href":"https:\/\/api.w.org\/{rel}","templated":true}]}}