{"id":2417,"date":"2021-04-21T05:26:30","date_gmt":"2021-04-21T05:26:30","guid":{"rendered":"https:\/\/alimentacionunani.com\/?page_id=2408"},"modified":"2021-05-14T23:16:46","modified_gmt":"2021-05-14T23:16:46","slug":"bicarbonato-de-sodio-2","status":"publish","type":"page","link":"https:\/\/alimentacionunani.com\/index.php\/bicarbonato-de-sodio-2\/","title":{"rendered":"Bicarbonato de sodio"},"content":{"rendered":"\n\n<h2>Bicarbonato de Sodio<\/h2>\n\n\n\n\n\n<p style=\"text-align: center;\"><span style=\"font-family: &quot;Source Sans Pro&quot;; font-size: 16px; color: rgb(0, 0, 0);\">Bicarbonato de sodio Arm &amp; Hammer 454 g<\/span><\/p>\n\n\n<p><span style=\"color: rgb(0, 0, 0); font-size: 19px;\">E<\/span><span style=\"color: rgb(0, 0, 0); font-size: 20px;\">l maravilloso bicarbonato de sodio, una pieza fundamental dentro de la alimentaci\u00f3n unani, principalmente en el suero casero.<\/span><\/p><p><span style=\"color: rgb(0, 0, 0); font-size: 20px;\"><br><\/span><\/p><p><span style=\"color: rgb(0, 0, 0); font-size: 20px;\">Aportando los aniones necesarios al suero para darnos, en conjunto con la sal, una correcta conductividad el\u00e9ctrica.<\/span><\/p><p><span style=\"color: rgb(0, 0, 0); font-size: 20px;\"><br><\/span><\/p><p><span style=\"color: rgb(0, 0, 0); font-size: 20px;\">Es un excelente alcalinizante, al ser absorbido directamente por la mucosa del est\u00f3mago. Si deseas alcalinizarte r\u00e1pidamente el bicarbonato es la mejor opci\u00f3n.&nbsp;<\/span><\/p><p><span style=\"color: rgb(0, 0, 0); font-size: 20px;\"><br><\/span><\/p><p><span style=\"color: rgb(0, 0, 0); font-size: 20px;\">Y en combinaci\u00f3n con el vinagre act\u00faa como una soluci\u00f3n amortiguadora, regulando la acidez o alcalinidad del intestino.&nbsp;<\/span><\/p><p><span style=\"color: rgb(0, 0, 0); font-size: 20px;\"><br><\/span><\/p><p><span style=\"color: rgb(0, 0, 0); font-size: 20px;\">Tambi\u00e9n es un excelente aliado del h\u00edgado.<\/span><\/p><span style=\"mso-spacerun:'yes';font-family:Arial;mso-fareast-font-family:'Times New Roman';\nfont-size:12.0000pt;\"><\/span><span style=\"mso-spacerun:'yes';font-family:Arial;mso-fareast-font-family:'Times New Roman';\nfont-size:12.0000pt;\"><o:p><\/o:p><\/span>\n\n\n\n","protected":false},"excerpt":{"rendered":"","protected":false},"author":1,"featured_media":0,"parent":0,"menu_order":0,"comment_status":"closed","ping_status":"closed","template":"","meta":{"footnotes":""},"class_list":["post-2417","page","type-page","status-publish","hentry"],"_links":{"self":[{"href":"https:\/\/alimentacionunani.com\/index.php\/wp-json\/wp\/v2\/pages\/2417","targetHints":{"allow":["GET"]}}],"collection":[{"href":"https:\/\/alimentacionunani.com\/index.php\/wp-json\/wp\/v2\/pages"}],"about":[{"href":"https:\/\/alimentacionunani.com\/index.php\/wp-json\/wp\/v2\/types\/page"}],"author":[{"embeddable":true,"href":"https:\/\/alimentacionunani.com\/index.php\/wp-json\/wp\/v2\/users\/1"}],"replies":[{"embeddable":true,"href":"https:\/\/alimentacionunani.com\/index.php\/wp-json\/wp\/v2\/comments?post=2417"}],"version-history":[{"count":6,"href":"https:\/\/alimentacionunani.com\/index.php\/wp-json\/wp\/v2\/pages\/2417\/revisions"}],"predecessor-version":[{"id":2902,"href":"https:\/\/alimentacionunani.com\/index.php\/wp-json\/wp\/v2\/pages\/2417\/revisions\/2902"}],"wp:attachment":[{"href":"https:\/\/alimentacionunani.com\/index.php\/wp-json\/wp\/v2\/media?parent=2417"}],"curies":[{"name":"wp","href":"https:\/\/api.w.org\/{rel}","templated":true}]}}