{"id":2408,"date":"2021-04-21T05:26:30","date_gmt":"2021-04-21T05:26:30","guid":{"rendered":"https:\/\/alimentacionunani.com\/?page_id=2408"},"modified":"2021-05-14T23:15:30","modified_gmt":"2021-05-14T23:15:30","slug":"vinagre-de-manzana","status":"publish","type":"page","link":"https:\/\/alimentacionunani.com\/index.php\/vinagre-de-manzana\/","title":{"rendered":"Vinagre de manzana"},"content":{"rendered":"\n\n<h2>Vinagre de Manzana<\/h2>\n\n\n\n\n\n<p style=\"text-align: center;\"><span style=\"font-family: Poppins, sans-serif; font-size: 16px; color: rgb(0, 0, 0);\">Vinagre sin filtrar marca Bragg 946 ml&nbsp;<\/span><\/p>\n\n\n<p>El vinagre de manzana es una de las mejores bebidas fermentadas que tenemos en la alimentaci\u00f3n unani.&nbsp;<\/p><br><p>El vinagre est\u00e1 lleno de probi\u00f3ticos para la salud y curaci\u00f3n de nuestro intestino grueso.  En el intestino grueso donde la fermentaci\u00f3n es aerobia (con presencia de ox\u00edgeno), el vinagre que tambi\u00e9n tiene un proceso aerobio para su obtenci\u00f3n, nos brinda los bichos buenos necesarios para una correcta flora intestinal y digesti\u00f3n.&nbsp;<\/p><br><p>Es muy medicinal, y entre otros beneficios, nos mejora la digesti\u00f3n, disminuye el colesterol, estimula el sistema inmune, desinflama, nos da energ\u00eda y disminuye los niveles de glucosa, despu\u00e9s de la comida.&nbsp;<\/p><br><p>Este vinagre personalmente me gusta mucho, porque esta sin filtrar, ni pasteurizar lo que nos garantiza tener la cantidad de probi\u00f3ticos necesarios. Es de muy buena calidad. <\/p>\n\n\n\n","protected":false},"excerpt":{"rendered":"","protected":false},"author":1,"featured_media":0,"parent":0,"menu_order":0,"comment_status":"closed","ping_status":"closed","template":"","meta":{"footnotes":""},"class_list":["post-2408","page","type-page","status-publish","hentry"],"_links":{"self":[{"href":"https:\/\/alimentacionunani.com\/index.php\/wp-json\/wp\/v2\/pages\/2408","targetHints":{"allow":["GET"]}}],"collection":[{"href":"https:\/\/alimentacionunani.com\/index.php\/wp-json\/wp\/v2\/pages"}],"about":[{"href":"https:\/\/alimentacionunani.com\/index.php\/wp-json\/wp\/v2\/types\/page"}],"author":[{"embeddable":true,"href":"https:\/\/alimentacionunani.com\/index.php\/wp-json\/wp\/v2\/users\/1"}],"replies":[{"embeddable":true,"href":"https:\/\/alimentacionunani.com\/index.php\/wp-json\/wp\/v2\/comments?post=2408"}],"version-history":[{"count":8,"href":"https:\/\/alimentacionunani.com\/index.php\/wp-json\/wp\/v2\/pages\/2408\/revisions"}],"predecessor-version":[{"id":2901,"href":"https:\/\/alimentacionunani.com\/index.php\/wp-json\/wp\/v2\/pages\/2408\/revisions\/2901"}],"wp:attachment":[{"href":"https:\/\/alimentacionunani.com\/index.php\/wp-json\/wp\/v2\/media?parent=2408"}],"curies":[{"name":"wp","href":"https:\/\/api.w.org\/{rel}","templated":true}]}}