{"id":143,"date":"2019-08-20T06:04:10","date_gmt":"2019-08-20T06:04:10","guid":{"rendered":"http:\/\/alimentacionunani.com\/index.php\/contact\/"},"modified":"2021-05-20T22:55:35","modified_gmt":"2021-05-20T22:55:35","slug":"bibliografia-recomendada","status":"publish","type":"page","link":"https:\/\/alimentacionunani.com\/index.php\/bibliografia-recomendada\/","title":{"rendered":"Bibliograf\u00eda recomendada"},"content":{"rendered":"\n\n\n<h2>Bibliograf\u00eda recomendada\n<\/h2>\n<p><span style=\"font-family: &quot;Source Sans Pro&quot;; font-size: 17px; color: rgb(0, 0, 0);\">La alimentaci\u00f3n unani promueve el uso de ciertos nutrientes y alimentos como la miel de abeja, la sal, el vinagre, etc. Y excluye el consumo de alimentos como los l\u00e1cteos, las harinas, el az\u00facar, entre otros. A continuaci\u00f3n te presento algunos libros donde se sustentan muchos de estos principios de la alimentaci\u00f3n unani, por si deseas conocer m\u00e1s y profundizar. Tambi\u00e9n se incluye bibliograf\u00eda sobre el ayuno y condiciones de salud como la diabetes y la obesidad. Es una informaci\u00f3n muy completa y cient\u00edfica, que te invito a que leas. Descubrir\u00e1s cosas muy interesantes!<\/span><\/p>\n\n\n\n\n\n\n\n\n\n\n\n\n\n\n\n\n\n\n\n\n\n\n\n\n\n\n\n\n\n\n\n\n\n\n\n\n\n\n\n\n\n\n\n\n\n\n\n\n\n\n\n\n\n\n\n\n\n\n\n\n\n\n\n\n\n\n\n\n\n\n\n\n\n\n\n\n\n\n\n\n\n\n\n\n\n\n\n\n\n\n\n\n\n\n<h2>Libros medicina greco-\u00e1rabe y unani\n<\/h2>\n<p><span style=\"font-family: &quot;Source Sans Pro&quot;; font-size: 16px;\"><span style=\"font-size: 17px; color: rgb(0, 0, 0);\">Las siguientes son recomendaciones de libros orientados ya espec\u00edficamente a la medicina unani y a la medicina greco-\u00e1rabe. Si quieres profundizar en las bases de este tipo de medicina, los siguientes libros son una buena opci\u00f3n para iniciar. Todos los libros citados a continuaci\u00f3n est\u00e1n en ingl\u00e9s. Desafortunadamente no tenemos estos libros traducidos o m\u00e1s informaci\u00f3n en idioma espa\u00f1ol. A\u00fan as\u00ed es informaci\u00f3n muy interesante para revisar.&nbsp;<\/span><\/span><\/p>\n\n\n\n\n\n\n\n\n\n\n\n\n\n\n\n\n\n\n\n\n\n\n\n\n\n\n\n\n\n\n\n\n\n\n\n\n\n\n\n\n\n\n\n\n\n\n<h2>V\u00eddeos<\/h2>\n\n\n\n\n<h3>Salud y Bienestar: Medicina Unani\n<\/h3>\n\n\n\n<h3>Dr. David Duarte &#8211; Medicina Unani\n<\/h3>\n\n\n\n\n\n<h3>Az\u00facar: una amarga verdad<\/h3>\n\n\n\n<h3>Revertir la diabetes tipo 2<\/h3>\n\n\n\n\n\n<h3>Ayuno intermitente \u00bfpor qu\u00e9 comer una vez al d\u00eda? OMAD<\/h3>\n\n\n\n<h3>\u00bfLa sal es MALA para ti?<\/h3>\n\n\n\n\n","protected":false},"excerpt":{"rendered":"","protected":false},"author":1,"featured_media":0,"parent":0,"menu_order":0,"comment_status":"closed","ping_status":"closed","template":"","meta":{"footnotes":""},"class_list":["post-143","page","type-page","status-publish","hentry"],"_links":{"self":[{"href":"https:\/\/alimentacionunani.com\/index.php\/wp-json\/wp\/v2\/pages\/143","targetHints":{"allow":["GET"]}}],"collection":[{"href":"https:\/\/alimentacionunani.com\/index.php\/wp-json\/wp\/v2\/pages"}],"about":[{"href":"https:\/\/alimentacionunani.com\/index.php\/wp-json\/wp\/v2\/types\/page"}],"author":[{"embeddable":true,"href":"https:\/\/alimentacionunani.com\/index.php\/wp-json\/wp\/v2\/users\/1"}],"replies":[{"embeddable":true,"href":"https:\/\/alimentacionunani.com\/index.php\/wp-json\/wp\/v2\/comments?post=143"}],"version-history":[{"count":113,"href":"https:\/\/alimentacionunani.com\/index.php\/wp-json\/wp\/v2\/pages\/143\/revisions"}],"predecessor-version":[{"id":2964,"href":"https:\/\/alimentacionunani.com\/index.php\/wp-json\/wp\/v2\/pages\/143\/revisions\/2964"}],"wp:attachment":[{"href":"https:\/\/alimentacionunani.com\/index.php\/wp-json\/wp\/v2\/media?parent=143"}],"curies":[{"name":"wp","href":"https:\/\/api.w.org\/{rel}","templated":true}]}}